{"id":5162,"date":"2023-08-05T12:40:01","date_gmt":"2023-08-05T15:40:01","guid":{"rendered":"https:\/\/www.historia.uff.br\/impressoesrebeldes\/?page_id=5162"},"modified":"2025-01-14T19:53:03","modified_gmt":"2025-01-14T22:53:03","slug":"base-dados-revoltas","status":"publish","type":"page","link":"https:\/\/www.historia.uff.br\/impressoesrebeldes\/base-dados-revoltas\/","title":{"rendered":"Base de Dados"},"content":{"rendered":"<p>Escolha um dos relat\u00f3rios gr\u00e1ficos abaixo e pesquise.<\/p>\n","protected":false},"excerpt":{"rendered":"<p>Escolha um dos relat\u00f3rios gr\u00e1ficos abaixo e pesquise.<\/p>\n","protected":false},"author":2,"featured_media":0,"parent":0,"menu_order":0,"comment_status":"closed","ping_status":"closed","template":"page-base-dados.php","meta":[],"acf":[],"yoast_head":"<!-- This site is optimized with the Yoast SEO plugin v19.0 - https:\/\/yoast.com\/wordpress\/plugins\/seo\/ -->\n<title>Base de Dados - Impress\u00f5es Rebeldes<\/title>\n<meta name=\"robots\" content=\"index, follow, max-snippet:-1, max-image-preview:large, max-video-preview:-1\" \/>\n<link rel=\"canonical\" href=\"https:\/\/www.historia.uff.br\/impressoesrebeldes\/base-dados-revoltas\/\" \/>\n<meta property=\"og:locale\" content=\"pt_BR\" \/>\n<meta property=\"og:type\" content=\"article\" \/>\n<meta property=\"og:title\" content=\"Base de Dados - Impress\u00f5es Rebeldes\" \/>\n<meta property=\"og:description\" content=\"Escolha um dos relat\u00f3rios gr\u00e1ficos abaixo e pesquise.\" \/>\n<meta property=\"og:url\" content=\"https:\/\/www.historia.uff.br\/impressoesrebeldes\/base-dados-revoltas\/\" \/>\n<meta property=\"og:site_name\" content=\"Impress\u00f5es Rebeldes\" \/>\n<meta property=\"article:publisher\" content=\"https:\/\/www.facebook.com\/impressoesrebeldes\/\" \/>\n<meta property=\"article:modified_time\" content=\"2025-01-14T22:53:03+00:00\" \/>\n<meta name=\"twitter:card\" content=\"summary_large_image\" \/>\n<meta name=\"twitter:site\" content=\"@ImpressoesRbds\" \/>\n<meta name=\"twitter:label1\" content=\"Est. reading time\" \/>\n\t<meta name=\"twitter:data1\" content=\"1 minuto\" \/>\n<script type=\"application\/ld+json\" class=\"yoast-schema-graph\">{\"@context\":\"https:\/\/schema.org\",\"@graph\":[{\"@type\":\"WebSite\",\"@id\":\"https:\/\/www.historia.uff.br\/impressoesrebeldes\/#website\",\"url\":\"https:\/\/www.historia.uff.br\/impressoesrebeldes\/\",\"name\":\"Impress\u00f5es Rebeldes\",\"description\":\"Para quem tem o que dizer sobre revoltas\",\"potentialAction\":[{\"@type\":\"SearchAction\",\"target\":{\"@type\":\"EntryPoint\",\"urlTemplate\":\"https:\/\/www.historia.uff.br\/impressoesrebeldes\/?s={search_term_string}\"},\"query-input\":\"required name=search_term_string\"}],\"inLanguage\":\"pt-BR\"},{\"@type\":\"WebPage\",\"@id\":\"https:\/\/www.historia.uff.br\/impressoesrebeldes\/base-dados-revoltas\/#webpage\",\"url\":\"https:\/\/www.historia.uff.br\/impressoesrebeldes\/base-dados-revoltas\/\",\"name\":\"Base de Dados - Impress\u00f5es Rebeldes\",\"isPartOf\":{\"@id\":\"https:\/\/www.historia.uff.br\/impressoesrebeldes\/#website\"},\"datePublished\":\"2023-08-05T15:40:01+00:00\",\"dateModified\":\"2025-01-14T22:53:03+00:00\",\"breadcrumb\":{\"@id\":\"https:\/\/www.historia.uff.br\/impressoesrebeldes\/base-dados-revoltas\/#breadcrumb\"},\"inLanguage\":\"pt-BR\",\"potentialAction\":[{\"@type\":\"ReadAction\",\"target\":[\"https:\/\/www.historia.uff.br\/impressoesrebeldes\/base-dados-revoltas\/\"]}]},{\"@type\":\"BreadcrumbList\",\"@id\":\"https:\/\/www.historia.uff.br\/impressoesrebeldes\/base-dados-revoltas\/#breadcrumb\",\"itemListElement\":[{\"@type\":\"ListItem\",\"position\":1,\"name\":\"Home\",\"item\":\"https:\/\/www.historia.uff.br\/impressoesrebeldes\/\"},{\"@type\":\"ListItem\",\"position\":2,\"name\":\"Base de Dados\"}]}]}<\/script>\n<!-- \/ Yoast SEO plugin. -->","yoast_head_json":{"title":"Base de Dados - Impress\u00f5es Rebeldes","robots":{"index":"index","follow":"follow","max-snippet":"max-snippet:-1","max-image-preview":"max-image-preview:large","max-video-preview":"max-video-preview:-1"},"canonical":"https:\/\/www.historia.uff.br\/impressoesrebeldes\/base-dados-revoltas\/","og_locale":"pt_BR","og_type":"article","og_title":"Base de Dados - Impress\u00f5es Rebeldes","og_description":"Escolha um dos relat\u00f3rios gr\u00e1ficos abaixo e pesquise.","og_url":"https:\/\/www.historia.uff.br\/impressoesrebeldes\/base-dados-revoltas\/","og_site_name":"Impress\u00f5es Rebeldes","article_publisher":"https:\/\/www.facebook.com\/impressoesrebeldes\/","article_modified_time":"2025-01-14T22:53:03+00:00","twitter_card":"summary_large_image","twitter_site":"@ImpressoesRbds","twitter_misc":{"Est. reading time":"1 minuto"},"schema":{"@context":"https:\/\/schema.org","@graph":[{"@type":"WebSite","@id":"https:\/\/www.historia.uff.br\/impressoesrebeldes\/#website","url":"https:\/\/www.historia.uff.br\/impressoesrebeldes\/","name":"Impress\u00f5es Rebeldes","description":"Para quem tem o que dizer sobre revoltas","potentialAction":[{"@type":"SearchAction","target":{"@type":"EntryPoint","urlTemplate":"https:\/\/www.historia.uff.br\/impressoesrebeldes\/?s={search_term_string}"},"query-input":"required name=search_term_string"}],"inLanguage":"pt-BR"},{"@type":"WebPage","@id":"https:\/\/www.historia.uff.br\/impressoesrebeldes\/base-dados-revoltas\/#webpage","url":"https:\/\/www.historia.uff.br\/impressoesrebeldes\/base-dados-revoltas\/","name":"Base de Dados - Impress\u00f5es Rebeldes","isPartOf":{"@id":"https:\/\/www.historia.uff.br\/impressoesrebeldes\/#website"},"datePublished":"2023-08-05T15:40:01+00:00","dateModified":"2025-01-14T22:53:03+00:00","breadcrumb":{"@id":"https:\/\/www.historia.uff.br\/impressoesrebeldes\/base-dados-revoltas\/#breadcrumb"},"inLanguage":"pt-BR","potentialAction":[{"@type":"ReadAction","target":["https:\/\/www.historia.uff.br\/impressoesrebeldes\/base-dados-revoltas\/"]}]},{"@type":"BreadcrumbList","@id":"https:\/\/www.historia.uff.br\/impressoesrebeldes\/base-dados-revoltas\/#breadcrumb","itemListElement":[{"@type":"ListItem","position":1,"name":"Home","item":"https:\/\/www.historia.uff.br\/impressoesrebeldes\/"},{"@type":"ListItem","position":2,"name":"Base de Dados"}]}]}},"_links":{"self":[{"href":"https:\/\/www.historia.uff.br\/impressoesrebeldes\/wp-json\/wp\/v2\/pages\/5162"}],"collection":[{"href":"https:\/\/www.historia.uff.br\/impressoesrebeldes\/wp-json\/wp\/v2\/pages"}],"about":[{"href":"https:\/\/www.historia.uff.br\/impressoesrebeldes\/wp-json\/wp\/v2\/types\/page"}],"author":[{"embeddable":true,"href":"https:\/\/www.historia.uff.br\/impressoesrebeldes\/wp-json\/wp\/v2\/users\/2"}],"replies":[{"embeddable":true,"href":"https:\/\/www.historia.uff.br\/impressoesrebeldes\/wp-json\/wp\/v2\/comments?post=5162"}],"version-history":[{"count":4,"href":"https:\/\/www.historia.uff.br\/impressoesrebeldes\/wp-json\/wp\/v2\/pages\/5162\/revisions"}],"predecessor-version":[{"id":5338,"href":"https:\/\/www.historia.uff.br\/impressoesrebeldes\/wp-json\/wp\/v2\/pages\/5162\/revisions\/5338"}],"wp:attachment":[{"href":"https:\/\/www.historia.uff.br\/impressoesrebeldes\/wp-json\/wp\/v2\/media?parent=5162"}],"curies":[{"name":"wp","href":"https:\/\/api.w.org\/{rel}","templated":true}]}}