{"id":3635,"date":"2022-06-02T00:19:16","date_gmt":"2022-06-02T03:19:16","guid":{"rendered":"https:\/\/www.historia.uff.br\/impressoesrebeldes\/2022\/?page_id=3635"},"modified":"2025-03-21T15:38:39","modified_gmt":"2025-03-21T18:38:39","slug":"colabore","status":"publish","type":"page","link":"https:\/\/www.historia.uff.br\/impressoesrebeldes\/colabore\/","title":{"rendered":"Colabore"},"content":{"rendered":"<p>Sua contribui\u00e7\u00e3o \u00e9 muito bem-vinda. Com ela o site Impress\u00f5es Rebeldes ( IR ) aproximar\u00e1 diferentes experi\u00eancias de contesta\u00e7\u00f5es pol\u00edticas e seus documentos singulares espalhados por todos os quadrantes da Am\u00e9rica portuguesa, qui\u00e7\u00e1 do Imp\u00e9rio colonial portugu\u00eas. Bem-vindas tamb\u00e9m s\u00e3o as interpreta\u00e7\u00f5es, as pol\u00eamicas e debates historiogr\u00e1ficos, assim como a iconografia, informes de lan\u00e7amento de livros, resenhas e congressos de algum modo relacionados ao tema dessa plataforma.<\/p>\n<p>Cada nova publica\u00e7\u00e3o ser\u00e1 divulgada aos leitores por meio do Facebook, Twitter e newsletter.<\/p>\n<p>Por ora, o meio de inclus\u00e3o de qualquer contribui\u00e7\u00e3o para o site \u00e9 o envio de mensagem com o texto a ser publicado para o email <a href=\"mailto:impressoesrebeldes@gmail.com\">impressoesrebeldes@gmail.com<\/a> administrado pelo coordenador. Ele faz o papel de avaliar o conte\u00fado, sugerir ajustes (uma antiga mania) e postar no site.<\/p>\n","protected":false},"excerpt":{"rendered":"<p>Sua contribui\u00e7\u00e3o \u00e9 muito bem-vinda. Com ela o site Impress\u00f5es Rebeldes ( IR ) aproximar\u00e1 diferentes experi\u00eancias de contesta\u00e7\u00f5es pol\u00edticas e seus documentos singulares espalhados por todos os quadrantes da Am\u00e9rica portuguesa, qui\u00e7\u00e1 do Imp\u00e9rio colonial portugu\u00eas. Bem-vindas tamb\u00e9m s\u00e3o as interpreta\u00e7\u00f5es, as pol\u00eamicas e debates historiogr\u00e1ficos, assim como a iconografia, informes de lan\u00e7amento de [&hellip;]<\/p>\n","protected":false},"author":2,"featured_media":0,"parent":0,"menu_order":0,"comment_status":"closed","ping_status":"closed","template":"page-colabore.php","meta":[],"acf":[],"yoast_head":"<!-- This site is optimized with the Yoast SEO plugin v19.0 - https:\/\/yoast.com\/wordpress\/plugins\/seo\/ -->\n<title>Colabore - Impress\u00f5es Rebeldes<\/title>\n<meta name=\"robots\" content=\"index, follow, max-snippet:-1, max-image-preview:large, max-video-preview:-1\" \/>\n<link rel=\"canonical\" href=\"https:\/\/www.historia.uff.br\/impressoesrebeldes\/colabore\/\" \/>\n<meta property=\"og:locale\" content=\"pt_BR\" \/>\n<meta property=\"og:type\" content=\"article\" \/>\n<meta property=\"og:title\" content=\"Colabore - Impress\u00f5es Rebeldes\" \/>\n<meta property=\"og:description\" content=\"Sua contribui\u00e7\u00e3o \u00e9 muito bem-vinda. Com ela o site Impress\u00f5es Rebeldes ( IR ) aproximar\u00e1 diferentes experi\u00eancias de contesta\u00e7\u00f5es pol\u00edticas e seus documentos singulares espalhados por todos os quadrantes da Am\u00e9rica portuguesa, qui\u00e7\u00e1 do Imp\u00e9rio colonial portugu\u00eas. Bem-vindas tamb\u00e9m s\u00e3o as interpreta\u00e7\u00f5es, as pol\u00eamicas e debates historiogr\u00e1ficos, assim como a iconografia, informes de lan\u00e7amento de [&hellip;]\" \/>\n<meta property=\"og:url\" content=\"https:\/\/www.historia.uff.br\/impressoesrebeldes\/colabore\/\" \/>\n<meta property=\"og:site_name\" content=\"Impress\u00f5es Rebeldes\" \/>\n<meta property=\"article:publisher\" content=\"https:\/\/www.facebook.com\/impressoesrebeldes\/\" \/>\n<meta property=\"article:modified_time\" content=\"2025-03-21T18:38:39+00:00\" \/>\n<meta name=\"twitter:card\" content=\"summary_large_image\" \/>\n<meta name=\"twitter:site\" content=\"@ImpressoesRbds\" \/>\n<meta name=\"twitter:label1\" content=\"Est. reading time\" \/>\n\t<meta name=\"twitter:data1\" content=\"1 minuto\" \/>\n<script type=\"application\/ld+json\" class=\"yoast-schema-graph\">{\"@context\":\"https:\/\/schema.org\",\"@graph\":[{\"@type\":\"WebSite\",\"@id\":\"https:\/\/www.historia.uff.br\/impressoesrebeldes\/#website\",\"url\":\"https:\/\/www.historia.uff.br\/impressoesrebeldes\/\",\"name\":\"Impress\u00f5es Rebeldes\",\"description\":\"Para quem tem o que dizer sobre revoltas\",\"potentialAction\":[{\"@type\":\"SearchAction\",\"target\":{\"@type\":\"EntryPoint\",\"urlTemplate\":\"https:\/\/www.historia.uff.br\/impressoesrebeldes\/?s={search_term_string}\"},\"query-input\":\"required name=search_term_string\"}],\"inLanguage\":\"pt-BR\"},{\"@type\":\"WebPage\",\"@id\":\"https:\/\/www.historia.uff.br\/impressoesrebeldes\/colabore\/#webpage\",\"url\":\"https:\/\/www.historia.uff.br\/impressoesrebeldes\/colabore\/\",\"name\":\"Colabore - Impress\u00f5es Rebeldes\",\"isPartOf\":{\"@id\":\"https:\/\/www.historia.uff.br\/impressoesrebeldes\/#website\"},\"datePublished\":\"2022-06-02T03:19:16+00:00\",\"dateModified\":\"2025-03-21T18:38:39+00:00\",\"breadcrumb\":{\"@id\":\"https:\/\/www.historia.uff.br\/impressoesrebeldes\/colabore\/#breadcrumb\"},\"inLanguage\":\"pt-BR\",\"potentialAction\":[{\"@type\":\"ReadAction\",\"target\":[\"https:\/\/www.historia.uff.br\/impressoesrebeldes\/colabore\/\"]}]},{\"@type\":\"BreadcrumbList\",\"@id\":\"https:\/\/www.historia.uff.br\/impressoesrebeldes\/colabore\/#breadcrumb\",\"itemListElement\":[{\"@type\":\"ListItem\",\"position\":1,\"name\":\"Home\",\"item\":\"https:\/\/www.historia.uff.br\/impressoesrebeldes\/\"},{\"@type\":\"ListItem\",\"position\":2,\"name\":\"Colabore\"}]}]}<\/script>\n<!-- \/ Yoast SEO plugin. -->","yoast_head_json":{"title":"Colabore - Impress\u00f5es Rebeldes","robots":{"index":"index","follow":"follow","max-snippet":"max-snippet:-1","max-image-preview":"max-image-preview:large","max-video-preview":"max-video-preview:-1"},"canonical":"https:\/\/www.historia.uff.br\/impressoesrebeldes\/colabore\/","og_locale":"pt_BR","og_type":"article","og_title":"Colabore - Impress\u00f5es Rebeldes","og_description":"Sua contribui\u00e7\u00e3o \u00e9 muito bem-vinda. Com ela o site Impress\u00f5es Rebeldes ( IR ) aproximar\u00e1 diferentes experi\u00eancias de contesta\u00e7\u00f5es pol\u00edticas e seus documentos singulares espalhados por todos os quadrantes da Am\u00e9rica portuguesa, qui\u00e7\u00e1 do Imp\u00e9rio colonial portugu\u00eas. Bem-vindas tamb\u00e9m s\u00e3o as interpreta\u00e7\u00f5es, as pol\u00eamicas e debates historiogr\u00e1ficos, assim como a iconografia, informes de lan\u00e7amento de [&hellip;]","og_url":"https:\/\/www.historia.uff.br\/impressoesrebeldes\/colabore\/","og_site_name":"Impress\u00f5es Rebeldes","article_publisher":"https:\/\/www.facebook.com\/impressoesrebeldes\/","article_modified_time":"2025-03-21T18:38:39+00:00","twitter_card":"summary_large_image","twitter_site":"@ImpressoesRbds","twitter_misc":{"Est. reading time":"1 minuto"},"schema":{"@context":"https:\/\/schema.org","@graph":[{"@type":"WebSite","@id":"https:\/\/www.historia.uff.br\/impressoesrebeldes\/#website","url":"https:\/\/www.historia.uff.br\/impressoesrebeldes\/","name":"Impress\u00f5es Rebeldes","description":"Para quem tem o que dizer sobre revoltas","potentialAction":[{"@type":"SearchAction","target":{"@type":"EntryPoint","urlTemplate":"https:\/\/www.historia.uff.br\/impressoesrebeldes\/?s={search_term_string}"},"query-input":"required name=search_term_string"}],"inLanguage":"pt-BR"},{"@type":"WebPage","@id":"https:\/\/www.historia.uff.br\/impressoesrebeldes\/colabore\/#webpage","url":"https:\/\/www.historia.uff.br\/impressoesrebeldes\/colabore\/","name":"Colabore - Impress\u00f5es Rebeldes","isPartOf":{"@id":"https:\/\/www.historia.uff.br\/impressoesrebeldes\/#website"},"datePublished":"2022-06-02T03:19:16+00:00","dateModified":"2025-03-21T18:38:39+00:00","breadcrumb":{"@id":"https:\/\/www.historia.uff.br\/impressoesrebeldes\/colabore\/#breadcrumb"},"inLanguage":"pt-BR","potentialAction":[{"@type":"ReadAction","target":["https:\/\/www.historia.uff.br\/impressoesrebeldes\/colabore\/"]}]},{"@type":"BreadcrumbList","@id":"https:\/\/www.historia.uff.br\/impressoesrebeldes\/colabore\/#breadcrumb","itemListElement":[{"@type":"ListItem","position":1,"name":"Home","item":"https:\/\/www.historia.uff.br\/impressoesrebeldes\/"},{"@type":"ListItem","position":2,"name":"Colabore"}]}]}},"_links":{"self":[{"href":"https:\/\/www.historia.uff.br\/impressoesrebeldes\/wp-json\/wp\/v2\/pages\/3635"}],"collection":[{"href":"https:\/\/www.historia.uff.br\/impressoesrebeldes\/wp-json\/wp\/v2\/pages"}],"about":[{"href":"https:\/\/www.historia.uff.br\/impressoesrebeldes\/wp-json\/wp\/v2\/types\/page"}],"author":[{"embeddable":true,"href":"https:\/\/www.historia.uff.br\/impressoesrebeldes\/wp-json\/wp\/v2\/users\/2"}],"replies":[{"embeddable":true,"href":"https:\/\/www.historia.uff.br\/impressoesrebeldes\/wp-json\/wp\/v2\/comments?post=3635"}],"version-history":[{"count":8,"href":"https:\/\/www.historia.uff.br\/impressoesrebeldes\/wp-json\/wp\/v2\/pages\/3635\/revisions"}],"predecessor-version":[{"id":6629,"href":"https:\/\/www.historia.uff.br\/impressoesrebeldes\/wp-json\/wp\/v2\/pages\/3635\/revisions\/6629"}],"wp:attachment":[{"href":"https:\/\/www.historia.uff.br\/impressoesrebeldes\/wp-json\/wp\/v2\/media?parent=3635"}],"curies":[{"name":"wp","href":"https:\/\/api.w.org\/{rel}","templated":true}]}}