{"id":3605,"date":"2022-05-31T12:54:50","date_gmt":"2022-05-31T15:54:50","guid":{"rendered":"https:\/\/leandrohindu.com.br\/revoltas\/?page_id=3605"},"modified":"2026-02-20T18:37:49","modified_gmt":"2026-02-20T21:37:49","slug":"quem-somos","status":"publish","type":"page","link":"https:\/\/www.historia.uff.br\/impressoesrebeldes\/quem-somos\/","title":{"rendered":"Quem Somos"},"content":{"rendered":"<p>Essa plataforma colaborativa re\u00fane diversos conte\u00fados que permitem conhecer e estudar a hist\u00f3ria das revoltas no Brasil.<\/p>\n<p>Os protestos do per\u00edodo colonial, de 1500 a 1825, s\u00e3o apresentados com documentos hist\u00f3ricos (transcritos e modernizados), verbetes sobre as rebeli\u00f5es coloniais e gloss\u00e1rio conceitual. Uma linha do tempo interativa oferece uma lista dos diversos tipos de revoltas, desde o in\u00edcio da coloniza\u00e7\u00e3o portuguesa at\u00e9 o reconhecimento da independ\u00eancia.<\/p>\n<p>Se, al\u00e9m da \u00e9poca colonial, o interesse avan\u00e7ar para os per\u00edodos hist\u00f3ricos mais recentes, visite a Revista Impress\u00f5es Rebeldes na qual publicamos artigos de estudiosos, em linguagem acess\u00edvel. Consulte ainda as biografias dos rebeldes ou encontre, na Sala de Aula, os planos que oferecem op\u00e7\u00f5es para o ensino do tema.<\/p>\n<p>O Impress\u00f5es Rebeldes &#8211; documentos, palavras e a\u00e7\u00f5es que forjaram a Hist\u00f3ria dos protestos no Brasil, \u00e9 dotado de uma base de dados com ferramentas de buscas que permitem o cruzamento de in\u00fameras informa\u00e7\u00f5es sobre as revoltas.<\/p>\n<p>Desde 2013, quando come\u00e7amos, nossa inten\u00e7\u00e3o foi a de chegar a estudantes, professores e pesquisadores, desde o ensino fundamental ao universit\u00e1rio.<\/p>\n<p>Esse alcance ajudou a trazer muitos colaboradores que vem sempre oferecendo conte\u00fados a serem divulgados. Foi dessa forma que nos tornamos um projeto colaborativo, e vamos continuar assim.<\/p>\n<p>Sinta-se convidado(a) para participar dessa iniciativa, como leitor, debatedor ou colaborador atrav\u00e9s da inclus\u00e3o de novos materiais. De um jeito ou de outro, sua participa\u00e7\u00e3o \u00e9 o que faz o Impress\u00f5es Rebeldes se renovar.<\/p>\n<p>Boa leitura, boa pesquisa, boa aula !<\/p>\n<p>&nbsp;<\/p>\n<p style=\"text-align: right;\">Luciano Figueiredo<br \/>\nFundador e coordenador do Impress\u00f5es Rebeldes<br \/>\nProfessor do Instituto de Historia da Universidade Federal Fluminense.<\/p>\n<p>&nbsp;<\/p>\n<h2>Hist\u00f3rico<\/h2>\n<p>Desenvolvido na Companhia das \u00cdndias, n\u00facleo de pesquisas em hist\u00f3ria moderna e ib\u00e9rica, sob abrigo do\u00a0 Instituto de Hist\u00f3ria da Universidade Federal Fluminense, contamos com apoio do CNPq, atrav\u00e9s de bolsa PIBIC, e da FAPERJ, com subs\u00eddios da bolsa Cientista do Nosso Estado.<\/p>\n<h2>Apoio<\/h2>\n<p>N\u00e3o chegamos at\u00e9 aqui sem a dedica\u00e7\u00e3o valiosa dos bolsistas de inicia\u00e7\u00e3o cient\u00edfica (PIBIC-CNPq) que atuam desde os primeiros tempos do site: Giovanna Antonaci (2006-08); Gustavo Pereira Silva (2008-10); Pedro Lucas Andrade (2012); Lara Ribeiro Pereira Carneiro (2012-13); B\u00e1rbara Matos Dias (2014-15); Matheus Sampaio (2014-15); Gabriel Gaspar (2015-17); Ludmilla Cunha Mendes (2018-19); Fernanda Lucena (2019-21); Daniel Freitas (2021-22); Isabel Macedo (2022-2023); Wict\u00f3ria Peixoto (2023-2024); Esther de Almeida Lagoa (2023-2024; Comunica\u00e7\u00e3o social; bolsista de Desenvolvimento Acad\u00eamico); Sthefani Lima Teixeira (2023-2024; bolsista de Desenvolvimento Acad\u00eamico).<\/p>\n<p>Ex-coordenadores da Companhia das \u00cdndias (N\u00facleo de Hist\u00f3ria Ib\u00e9rica e Colonial na \u00c9poca Moderna), especialmente ao Ronaldo Vainfas e Rodrigo Bentes, pelo apoio \u00e0 moderniza\u00e7\u00e3o do site.<\/p>\n<p>Ao professor Victor Hugo Abril, colaborador das primeiras \u00e1guas.<\/p>\n<h2>Informa\u00e7\u00e3o<\/h2>\n<p>Sempre que poss\u00edvel ser\u00e1 indicado o cr\u00e9dito das imagens e dos textos reproduzidos. Se os detentores de direitos sobre material n\u00e3o identificado se manifestarem, ser\u00e1 com grande zelo que completaremos os respectivos cr\u00e9ditos, seja das imagens, de obras ou de documentos.<\/p>\n","protected":false},"excerpt":{"rendered":"<p>Essa plataforma colaborativa re\u00fane diversos conte\u00fados que permitem conhecer e estudar a hist\u00f3ria das revoltas no Brasil. Os protestos do per\u00edodo colonial, de 1500 a 1825, s\u00e3o apresentados com documentos hist\u00f3ricos (transcritos e modernizados), verbetes sobre as rebeli\u00f5es coloniais e gloss\u00e1rio conceitual. Uma linha do tempo interativa oferece uma lista dos diversos tipos de revoltas, [&hellip;]<\/p>\n","protected":false},"author":1,"featured_media":0,"parent":0,"menu_order":0,"comment_status":"closed","ping_status":"closed","template":"page-quem-somos.php","meta":[],"acf":[],"yoast_head":"<!-- This site is optimized with the Yoast SEO plugin v19.0 - https:\/\/yoast.com\/wordpress\/plugins\/seo\/ -->\n<title>Quem Somos - Impress\u00f5es Rebeldes<\/title>\n<meta name=\"robots\" content=\"index, follow, max-snippet:-1, max-image-preview:large, max-video-preview:-1\" \/>\n<link rel=\"canonical\" href=\"https:\/\/www.historia.uff.br\/impressoesrebeldes\/quem-somos\/\" \/>\n<meta property=\"og:locale\" content=\"pt_BR\" \/>\n<meta property=\"og:type\" content=\"article\" \/>\n<meta property=\"og:title\" content=\"Quem Somos - Impress\u00f5es Rebeldes\" \/>\n<meta property=\"og:description\" content=\"Essa plataforma colaborativa re\u00fane diversos conte\u00fados que permitem conhecer e estudar a hist\u00f3ria das revoltas no Brasil. Os protestos do per\u00edodo colonial, de 1500 a 1825, s\u00e3o apresentados com documentos hist\u00f3ricos (transcritos e modernizados), verbetes sobre as rebeli\u00f5es coloniais e gloss\u00e1rio conceitual. Uma linha do tempo interativa oferece uma lista dos diversos tipos de revoltas, [&hellip;]\" \/>\n<meta property=\"og:url\" content=\"https:\/\/www.historia.uff.br\/impressoesrebeldes\/quem-somos\/\" \/>\n<meta property=\"og:site_name\" content=\"Impress\u00f5es Rebeldes\" \/>\n<meta property=\"article:publisher\" content=\"https:\/\/www.facebook.com\/impressoesrebeldes\/\" \/>\n<meta property=\"article:modified_time\" content=\"2026-02-20T21:37:49+00:00\" \/>\n<meta name=\"twitter:card\" content=\"summary_large_image\" \/>\n<meta name=\"twitter:site\" content=\"@ImpressoesRbds\" \/>\n<meta name=\"twitter:label1\" content=\"Est. reading time\" \/>\n\t<meta name=\"twitter:data1\" content=\"3 minutos\" \/>\n<script type=\"application\/ld+json\" class=\"yoast-schema-graph\">{\"@context\":\"https:\/\/schema.org\",\"@graph\":[{\"@type\":\"WebSite\",\"@id\":\"https:\/\/www.historia.uff.br\/impressoesrebeldes\/#website\",\"url\":\"https:\/\/www.historia.uff.br\/impressoesrebeldes\/\",\"name\":\"Impress\u00f5es Rebeldes\",\"description\":\"Para quem tem o que dizer sobre revoltas\",\"potentialAction\":[{\"@type\":\"SearchAction\",\"target\":{\"@type\":\"EntryPoint\",\"urlTemplate\":\"https:\/\/www.historia.uff.br\/impressoesrebeldes\/?s={search_term_string}\"},\"query-input\":\"required name=search_term_string\"}],\"inLanguage\":\"pt-BR\"},{\"@type\":\"WebPage\",\"@id\":\"https:\/\/www.historia.uff.br\/impressoesrebeldes\/quem-somos\/#webpage\",\"url\":\"https:\/\/www.historia.uff.br\/impressoesrebeldes\/quem-somos\/\",\"name\":\"Quem Somos - Impress\u00f5es Rebeldes\",\"isPartOf\":{\"@id\":\"https:\/\/www.historia.uff.br\/impressoesrebeldes\/#website\"},\"datePublished\":\"2022-05-31T15:54:50+00:00\",\"dateModified\":\"2026-02-20T21:37:49+00:00\",\"breadcrumb\":{\"@id\":\"https:\/\/www.historia.uff.br\/impressoesrebeldes\/quem-somos\/#breadcrumb\"},\"inLanguage\":\"pt-BR\",\"potentialAction\":[{\"@type\":\"ReadAction\",\"target\":[\"https:\/\/www.historia.uff.br\/impressoesrebeldes\/quem-somos\/\"]}]},{\"@type\":\"BreadcrumbList\",\"@id\":\"https:\/\/www.historia.uff.br\/impressoesrebeldes\/quem-somos\/#breadcrumb\",\"itemListElement\":[{\"@type\":\"ListItem\",\"position\":1,\"name\":\"Home\",\"item\":\"https:\/\/www.historia.uff.br\/impressoesrebeldes\/\"},{\"@type\":\"ListItem\",\"position\":2,\"name\":\"Quem Somos\"}]}]}<\/script>\n<!-- \/ Yoast SEO plugin. -->","yoast_head_json":{"title":"Quem Somos - Impress\u00f5es Rebeldes","robots":{"index":"index","follow":"follow","max-snippet":"max-snippet:-1","max-image-preview":"max-image-preview:large","max-video-preview":"max-video-preview:-1"},"canonical":"https:\/\/www.historia.uff.br\/impressoesrebeldes\/quem-somos\/","og_locale":"pt_BR","og_type":"article","og_title":"Quem Somos - Impress\u00f5es Rebeldes","og_description":"Essa plataforma colaborativa re\u00fane diversos conte\u00fados que permitem conhecer e estudar a hist\u00f3ria das revoltas no Brasil. Os protestos do per\u00edodo colonial, de 1500 a 1825, s\u00e3o apresentados com documentos hist\u00f3ricos (transcritos e modernizados), verbetes sobre as rebeli\u00f5es coloniais e gloss\u00e1rio conceitual. Uma linha do tempo interativa oferece uma lista dos diversos tipos de revoltas, [&hellip;]","og_url":"https:\/\/www.historia.uff.br\/impressoesrebeldes\/quem-somos\/","og_site_name":"Impress\u00f5es Rebeldes","article_publisher":"https:\/\/www.facebook.com\/impressoesrebeldes\/","article_modified_time":"2026-02-20T21:37:49+00:00","twitter_card":"summary_large_image","twitter_site":"@ImpressoesRbds","twitter_misc":{"Est. reading time":"3 minutos"},"schema":{"@context":"https:\/\/schema.org","@graph":[{"@type":"WebSite","@id":"https:\/\/www.historia.uff.br\/impressoesrebeldes\/#website","url":"https:\/\/www.historia.uff.br\/impressoesrebeldes\/","name":"Impress\u00f5es Rebeldes","description":"Para quem tem o que dizer sobre revoltas","potentialAction":[{"@type":"SearchAction","target":{"@type":"EntryPoint","urlTemplate":"https:\/\/www.historia.uff.br\/impressoesrebeldes\/?s={search_term_string}"},"query-input":"required name=search_term_string"}],"inLanguage":"pt-BR"},{"@type":"WebPage","@id":"https:\/\/www.historia.uff.br\/impressoesrebeldes\/quem-somos\/#webpage","url":"https:\/\/www.historia.uff.br\/impressoesrebeldes\/quem-somos\/","name":"Quem Somos - Impress\u00f5es Rebeldes","isPartOf":{"@id":"https:\/\/www.historia.uff.br\/impressoesrebeldes\/#website"},"datePublished":"2022-05-31T15:54:50+00:00","dateModified":"2026-02-20T21:37:49+00:00","breadcrumb":{"@id":"https:\/\/www.historia.uff.br\/impressoesrebeldes\/quem-somos\/#breadcrumb"},"inLanguage":"pt-BR","potentialAction":[{"@type":"ReadAction","target":["https:\/\/www.historia.uff.br\/impressoesrebeldes\/quem-somos\/"]}]},{"@type":"BreadcrumbList","@id":"https:\/\/www.historia.uff.br\/impressoesrebeldes\/quem-somos\/#breadcrumb","itemListElement":[{"@type":"ListItem","position":1,"name":"Home","item":"https:\/\/www.historia.uff.br\/impressoesrebeldes\/"},{"@type":"ListItem","position":2,"name":"Quem Somos"}]}]}},"_links":{"self":[{"href":"https:\/\/www.historia.uff.br\/impressoesrebeldes\/wp-json\/wp\/v2\/pages\/3605"}],"collection":[{"href":"https:\/\/www.historia.uff.br\/impressoesrebeldes\/wp-json\/wp\/v2\/pages"}],"about":[{"href":"https:\/\/www.historia.uff.br\/impressoesrebeldes\/wp-json\/wp\/v2\/types\/page"}],"author":[{"embeddable":true,"href":"https:\/\/www.historia.uff.br\/impressoesrebeldes\/wp-json\/wp\/v2\/users\/1"}],"replies":[{"embeddable":true,"href":"https:\/\/www.historia.uff.br\/impressoesrebeldes\/wp-json\/wp\/v2\/comments?post=3605"}],"version-history":[{"count":34,"href":"https:\/\/www.historia.uff.br\/impressoesrebeldes\/wp-json\/wp\/v2\/pages\/3605\/revisions"}],"predecessor-version":[{"id":7222,"href":"https:\/\/www.historia.uff.br\/impressoesrebeldes\/wp-json\/wp\/v2\/pages\/3605\/revisions\/7222"}],"wp:attachment":[{"href":"https:\/\/www.historia.uff.br\/impressoesrebeldes\/wp-json\/wp\/v2\/media?parent=3605"}],"curies":[{"name":"wp","href":"https:\/\/api.w.org\/{rel}","templated":true}]}}