{"id":3570,"date":"2022-05-28T11:30:19","date_gmt":"2022-05-28T14:30:19","guid":{"rendered":"https:\/\/leandrohindu.com.br\/revoltas\/?page_id=3570"},"modified":"2022-07-03T12:14:31","modified_gmt":"2022-07-03T15:14:31","slug":"contato","status":"publish","type":"page","link":"https:\/\/www.historia.uff.br\/impressoesrebeldes\/revista-impressoes-rebeldes\/contato\/","title":{"rendered":"Contato"},"content":{"rendered":"<h2>Contato<\/h2>\n<p>Em caso de d\u00favidas, proposta de artigos ou sugest\u00f5es preencha o formul\u00e1rio <a href=\"https:\/\/www.historia.uff.br\/impressoesrebeldes\/colabore\/\">Como colaborar<\/a> que est\u00e1 na homepage.<\/p>\n<p>Nosso email para contatos <a href=\"mailto:impressoesrebeldes@gmail.com\">impressoesrebeldes@gmail.com<\/a><\/p>\n","protected":false},"excerpt":{"rendered":"<p>Contato Em caso de d\u00favidas, proposta de artigos ou sugest\u00f5es preencha o formul\u00e1rio Como colaborar que est\u00e1 na homepage. Nosso email para contatos impressoesrebeldes@gmail.com<\/p>\n","protected":false},"author":1,"featured_media":0,"parent":3564,"menu_order":0,"comment_status":"closed","ping_status":"closed","template":"page-revista-apresentacao.php","meta":[],"acf":[],"yoast_head":"<!-- This site is optimized with the Yoast SEO plugin v19.0 - https:\/\/yoast.com\/wordpress\/plugins\/seo\/ -->\n<title>Contato - Impress\u00f5es Rebeldes<\/title>\n<meta name=\"robots\" content=\"index, follow, max-snippet:-1, max-image-preview:large, max-video-preview:-1\" \/>\n<link rel=\"canonical\" href=\"https:\/\/www.historia.uff.br\/impressoesrebeldes\/revista-impressoes-rebeldes\/contato\/\" \/>\n<meta property=\"og:locale\" content=\"pt_BR\" \/>\n<meta property=\"og:type\" content=\"article\" \/>\n<meta property=\"og:title\" content=\"Contato - Impress\u00f5es Rebeldes\" \/>\n<meta property=\"og:description\" content=\"Contato Em caso de d\u00favidas, proposta de artigos ou sugest\u00f5es preencha o formul\u00e1rio Como colaborar que est\u00e1 na homepage. Nosso email para contatos impressoesrebeldes@gmail.com\" \/>\n<meta property=\"og:url\" content=\"https:\/\/www.historia.uff.br\/impressoesrebeldes\/revista-impressoes-rebeldes\/contato\/\" \/>\n<meta property=\"og:site_name\" content=\"Impress\u00f5es Rebeldes\" \/>\n<meta property=\"article:publisher\" content=\"https:\/\/www.facebook.com\/impressoesrebeldes\/\" \/>\n<meta property=\"article:modified_time\" content=\"2022-07-03T15:14:31+00:00\" \/>\n<meta name=\"twitter:card\" content=\"summary_large_image\" \/>\n<meta name=\"twitter:site\" content=\"@ImpressoesRbds\" \/>\n<meta name=\"twitter:label1\" content=\"Est. reading time\" \/>\n\t<meta name=\"twitter:data1\" content=\"1 minuto\" \/>\n<script type=\"application\/ld+json\" class=\"yoast-schema-graph\">{\"@context\":\"https:\/\/schema.org\",\"@graph\":[{\"@type\":\"WebSite\",\"@id\":\"https:\/\/www.historia.uff.br\/impressoesrebeldes\/#website\",\"url\":\"https:\/\/www.historia.uff.br\/impressoesrebeldes\/\",\"name\":\"Impress\u00f5es Rebeldes\",\"description\":\"Para quem tem o que dizer sobre revoltas\",\"potentialAction\":[{\"@type\":\"SearchAction\",\"target\":{\"@type\":\"EntryPoint\",\"urlTemplate\":\"https:\/\/www.historia.uff.br\/impressoesrebeldes\/?s={search_term_string}\"},\"query-input\":\"required name=search_term_string\"}],\"inLanguage\":\"pt-BR\"},{\"@type\":\"WebPage\",\"@id\":\"https:\/\/www.historia.uff.br\/impressoesrebeldes\/revista-impressoes-rebeldes\/contato\/#webpage\",\"url\":\"https:\/\/www.historia.uff.br\/impressoesrebeldes\/revista-impressoes-rebeldes\/contato\/\",\"name\":\"Contato - Impress\u00f5es Rebeldes\",\"isPartOf\":{\"@id\":\"https:\/\/www.historia.uff.br\/impressoesrebeldes\/#website\"},\"datePublished\":\"2022-05-28T14:30:19+00:00\",\"dateModified\":\"2022-07-03T15:14:31+00:00\",\"breadcrumb\":{\"@id\":\"https:\/\/www.historia.uff.br\/impressoesrebeldes\/revista-impressoes-rebeldes\/contato\/#breadcrumb\"},\"inLanguage\":\"pt-BR\",\"potentialAction\":[{\"@type\":\"ReadAction\",\"target\":[\"https:\/\/www.historia.uff.br\/impressoesrebeldes\/revista-impressoes-rebeldes\/contato\/\"]}]},{\"@type\":\"BreadcrumbList\",\"@id\":\"https:\/\/www.historia.uff.br\/impressoesrebeldes\/revista-impressoes-rebeldes\/contato\/#breadcrumb\",\"itemListElement\":[{\"@type\":\"ListItem\",\"position\":1,\"name\":\"Home\",\"item\":\"https:\/\/www.historia.uff.br\/impressoesrebeldes\/\"},{\"@type\":\"ListItem\",\"position\":2,\"name\":\"Revista Impress\u00f5es Rebeldes\",\"item\":\"https:\/\/www.historia.uff.br\/impressoesrebeldes\/revista-impressoes-rebeldes\/\"},{\"@type\":\"ListItem\",\"position\":3,\"name\":\"Contato\"}]}]}<\/script>\n<!-- \/ Yoast SEO plugin. -->","yoast_head_json":{"title":"Contato - Impress\u00f5es Rebeldes","robots":{"index":"index","follow":"follow","max-snippet":"max-snippet:-1","max-image-preview":"max-image-preview:large","max-video-preview":"max-video-preview:-1"},"canonical":"https:\/\/www.historia.uff.br\/impressoesrebeldes\/revista-impressoes-rebeldes\/contato\/","og_locale":"pt_BR","og_type":"article","og_title":"Contato - Impress\u00f5es Rebeldes","og_description":"Contato Em caso de d\u00favidas, proposta de artigos ou sugest\u00f5es preencha o formul\u00e1rio Como colaborar que est\u00e1 na homepage. Nosso email para contatos impressoesrebeldes@gmail.com","og_url":"https:\/\/www.historia.uff.br\/impressoesrebeldes\/revista-impressoes-rebeldes\/contato\/","og_site_name":"Impress\u00f5es Rebeldes","article_publisher":"https:\/\/www.facebook.com\/impressoesrebeldes\/","article_modified_time":"2022-07-03T15:14:31+00:00","twitter_card":"summary_large_image","twitter_site":"@ImpressoesRbds","twitter_misc":{"Est. reading time":"1 minuto"},"schema":{"@context":"https:\/\/schema.org","@graph":[{"@type":"WebSite","@id":"https:\/\/www.historia.uff.br\/impressoesrebeldes\/#website","url":"https:\/\/www.historia.uff.br\/impressoesrebeldes\/","name":"Impress\u00f5es Rebeldes","description":"Para quem tem o que dizer sobre revoltas","potentialAction":[{"@type":"SearchAction","target":{"@type":"EntryPoint","urlTemplate":"https:\/\/www.historia.uff.br\/impressoesrebeldes\/?s={search_term_string}"},"query-input":"required name=search_term_string"}],"inLanguage":"pt-BR"},{"@type":"WebPage","@id":"https:\/\/www.historia.uff.br\/impressoesrebeldes\/revista-impressoes-rebeldes\/contato\/#webpage","url":"https:\/\/www.historia.uff.br\/impressoesrebeldes\/revista-impressoes-rebeldes\/contato\/","name":"Contato - Impress\u00f5es Rebeldes","isPartOf":{"@id":"https:\/\/www.historia.uff.br\/impressoesrebeldes\/#website"},"datePublished":"2022-05-28T14:30:19+00:00","dateModified":"2022-07-03T15:14:31+00:00","breadcrumb":{"@id":"https:\/\/www.historia.uff.br\/impressoesrebeldes\/revista-impressoes-rebeldes\/contato\/#breadcrumb"},"inLanguage":"pt-BR","potentialAction":[{"@type":"ReadAction","target":["https:\/\/www.historia.uff.br\/impressoesrebeldes\/revista-impressoes-rebeldes\/contato\/"]}]},{"@type":"BreadcrumbList","@id":"https:\/\/www.historia.uff.br\/impressoesrebeldes\/revista-impressoes-rebeldes\/contato\/#breadcrumb","itemListElement":[{"@type":"ListItem","position":1,"name":"Home","item":"https:\/\/www.historia.uff.br\/impressoesrebeldes\/"},{"@type":"ListItem","position":2,"name":"Revista Impress\u00f5es Rebeldes","item":"https:\/\/www.historia.uff.br\/impressoesrebeldes\/revista-impressoes-rebeldes\/"},{"@type":"ListItem","position":3,"name":"Contato"}]}]}},"_links":{"self":[{"href":"https:\/\/www.historia.uff.br\/impressoesrebeldes\/wp-json\/wp\/v2\/pages\/3570"}],"collection":[{"href":"https:\/\/www.historia.uff.br\/impressoesrebeldes\/wp-json\/wp\/v2\/pages"}],"about":[{"href":"https:\/\/www.historia.uff.br\/impressoesrebeldes\/wp-json\/wp\/v2\/types\/page"}],"author":[{"embeddable":true,"href":"https:\/\/www.historia.uff.br\/impressoesrebeldes\/wp-json\/wp\/v2\/users\/1"}],"replies":[{"embeddable":true,"href":"https:\/\/www.historia.uff.br\/impressoesrebeldes\/wp-json\/wp\/v2\/comments?post=3570"}],"version-history":[{"count":4,"href":"https:\/\/www.historia.uff.br\/impressoesrebeldes\/wp-json\/wp\/v2\/pages\/3570\/revisions"}],"predecessor-version":[{"id":3877,"href":"https:\/\/www.historia.uff.br\/impressoesrebeldes\/wp-json\/wp\/v2\/pages\/3570\/revisions\/3877"}],"up":[{"embeddable":true,"href":"https:\/\/www.historia.uff.br\/impressoesrebeldes\/wp-json\/wp\/v2\/pages\/3564"}],"wp:attachment":[{"href":"https:\/\/www.historia.uff.br\/impressoesrebeldes\/wp-json\/wp\/v2\/media?parent=3570"}],"curies":[{"name":"wp","href":"https:\/\/api.w.org\/{rel}","templated":true}]}}