{"id":3566,"date":"2022-05-28T11:07:11","date_gmt":"2022-05-28T14:07:11","guid":{"rendered":"https:\/\/leandrohindu.com.br\/revoltas\/?page_id=3566"},"modified":"2022-06-07T00:29:59","modified_gmt":"2022-06-07T03:29:59","slug":"apresentacao","status":"publish","type":"page","link":"https:\/\/www.historia.uff.br\/impressoesrebeldes\/revista-impressoes-rebeldes\/apresentacao\/","title":{"rendered":"Apresenta\u00e7\u00e3o"},"content":{"rendered":"<h2>Apresenta\u00e7\u00e3o<\/h2>\n<p>A Revista Impress\u00f5es Rebeldes divulga, desde 2013,\u00a0 estudos sobre as resist\u00eancias e os protestos, no Brasil ou em outros lugares.<\/p>\n<p>Qualquer tema relacionado ao fen\u00f4meno das rebeli\u00f5es, seja onde for ou em qualquer tempo hist\u00f3rico, desde que fundamentado em pesquisas, ser\u00e1 bem recebido.<\/p>\n<p>Essa publica\u00e7\u00e3o \u00e9 dirigida a estudiosos, professores e pesquisadores, mas tamb\u00e9m a leitores leigos, por isso buscamos empregar uma linguagem fluida e um texto com perfil mais curto e objetivo, prezando sempre por apresentar um conte\u00fado rigoroso.<\/p>\n<p>A equipe editorial vai cuidar para que seu trabalho contribua da maneira mais ampla para os debates sobre hist\u00f3ria e ci\u00eancias sociais.<\/p>\n<p>Em 2022 esse peri\u00f3dico incorporou dezenas de artigos de colaboradores espalhados pelo Brasil e pelo exterior que, desde 2013, vinham sendo publicados na se\u00e7\u00e3o \u201cTemas em Debate\u201d, da antiga vers\u00e3o do atual site Impress\u00f5es Rebeldes.<\/p>\n<p>Boa leitura!<\/p>\n","protected":false},"excerpt":{"rendered":"<p>Apresenta\u00e7\u00e3o A Revista Impress\u00f5es Rebeldes divulga, desde 2013,\u00a0 estudos sobre as resist\u00eancias e os protestos, no Brasil ou em outros lugares. Qualquer tema relacionado ao fen\u00f4meno das rebeli\u00f5es, seja onde for ou em qualquer tempo hist\u00f3rico, desde que fundamentado em pesquisas, ser\u00e1 bem recebido. Essa publica\u00e7\u00e3o \u00e9 dirigida a estudiosos, professores e pesquisadores, mas tamb\u00e9m [&hellip;]<\/p>\n","protected":false},"author":1,"featured_media":0,"parent":3564,"menu_order":0,"comment_status":"closed","ping_status":"closed","template":"page-revista-apresentacao.php","meta":[],"acf":[],"yoast_head":"<!-- This site is optimized with the Yoast SEO plugin v19.0 - https:\/\/yoast.com\/wordpress\/plugins\/seo\/ -->\n<title>Apresenta\u00e7\u00e3o - Impress\u00f5es Rebeldes<\/title>\n<meta name=\"robots\" content=\"index, follow, max-snippet:-1, max-image-preview:large, max-video-preview:-1\" \/>\n<link rel=\"canonical\" href=\"https:\/\/www.historia.uff.br\/impressoesrebeldes\/revista-impressoes-rebeldes\/apresentacao\/\" \/>\n<meta property=\"og:locale\" content=\"pt_BR\" \/>\n<meta property=\"og:type\" content=\"article\" \/>\n<meta property=\"og:title\" content=\"Apresenta\u00e7\u00e3o - Impress\u00f5es Rebeldes\" \/>\n<meta property=\"og:description\" content=\"Apresenta\u00e7\u00e3o A Revista Impress\u00f5es Rebeldes divulga, desde 2013,\u00a0 estudos sobre as resist\u00eancias e os protestos, no Brasil ou em outros lugares. Qualquer tema relacionado ao fen\u00f4meno das rebeli\u00f5es, seja onde for ou em qualquer tempo hist\u00f3rico, desde que fundamentado em pesquisas, ser\u00e1 bem recebido. Essa publica\u00e7\u00e3o \u00e9 dirigida a estudiosos, professores e pesquisadores, mas tamb\u00e9m [&hellip;]\" \/>\n<meta property=\"og:url\" content=\"https:\/\/www.historia.uff.br\/impressoesrebeldes\/revista-impressoes-rebeldes\/apresentacao\/\" \/>\n<meta property=\"og:site_name\" content=\"Impress\u00f5es Rebeldes\" \/>\n<meta property=\"article:publisher\" content=\"https:\/\/www.facebook.com\/impressoesrebeldes\/\" \/>\n<meta property=\"article:modified_time\" content=\"2022-06-07T03:29:59+00:00\" \/>\n<meta name=\"twitter:card\" content=\"summary_large_image\" \/>\n<meta name=\"twitter:site\" content=\"@ImpressoesRbds\" \/>\n<meta name=\"twitter:label1\" content=\"Est. reading time\" \/>\n\t<meta name=\"twitter:data1\" content=\"1 minuto\" \/>\n<script type=\"application\/ld+json\" class=\"yoast-schema-graph\">{\"@context\":\"https:\/\/schema.org\",\"@graph\":[{\"@type\":\"WebSite\",\"@id\":\"https:\/\/www.historia.uff.br\/impressoesrebeldes\/#website\",\"url\":\"https:\/\/www.historia.uff.br\/impressoesrebeldes\/\",\"name\":\"Impress\u00f5es Rebeldes\",\"description\":\"Para quem tem o que dizer sobre revoltas\",\"potentialAction\":[{\"@type\":\"SearchAction\",\"target\":{\"@type\":\"EntryPoint\",\"urlTemplate\":\"https:\/\/www.historia.uff.br\/impressoesrebeldes\/?s={search_term_string}\"},\"query-input\":\"required name=search_term_string\"}],\"inLanguage\":\"pt-BR\"},{\"@type\":\"WebPage\",\"@id\":\"https:\/\/www.historia.uff.br\/impressoesrebeldes\/revista-impressoes-rebeldes\/apresentacao\/#webpage\",\"url\":\"https:\/\/www.historia.uff.br\/impressoesrebeldes\/revista-impressoes-rebeldes\/apresentacao\/\",\"name\":\"Apresenta\u00e7\u00e3o - Impress\u00f5es Rebeldes\",\"isPartOf\":{\"@id\":\"https:\/\/www.historia.uff.br\/impressoesrebeldes\/#website\"},\"datePublished\":\"2022-05-28T14:07:11+00:00\",\"dateModified\":\"2022-06-07T03:29:59+00:00\",\"breadcrumb\":{\"@id\":\"https:\/\/www.historia.uff.br\/impressoesrebeldes\/revista-impressoes-rebeldes\/apresentacao\/#breadcrumb\"},\"inLanguage\":\"pt-BR\",\"potentialAction\":[{\"@type\":\"ReadAction\",\"target\":[\"https:\/\/www.historia.uff.br\/impressoesrebeldes\/revista-impressoes-rebeldes\/apresentacao\/\"]}]},{\"@type\":\"BreadcrumbList\",\"@id\":\"https:\/\/www.historia.uff.br\/impressoesrebeldes\/revista-impressoes-rebeldes\/apresentacao\/#breadcrumb\",\"itemListElement\":[{\"@type\":\"ListItem\",\"position\":1,\"name\":\"Home\",\"item\":\"https:\/\/www.historia.uff.br\/impressoesrebeldes\/\"},{\"@type\":\"ListItem\",\"position\":2,\"name\":\"Revista Impress\u00f5es Rebeldes\",\"item\":\"https:\/\/www.historia.uff.br\/impressoesrebeldes\/revista-impressoes-rebeldes\/\"},{\"@type\":\"ListItem\",\"position\":3,\"name\":\"Apresenta\u00e7\u00e3o\"}]}]}<\/script>\n<!-- \/ Yoast SEO plugin. -->","yoast_head_json":{"title":"Apresenta\u00e7\u00e3o - Impress\u00f5es Rebeldes","robots":{"index":"index","follow":"follow","max-snippet":"max-snippet:-1","max-image-preview":"max-image-preview:large","max-video-preview":"max-video-preview:-1"},"canonical":"https:\/\/www.historia.uff.br\/impressoesrebeldes\/revista-impressoes-rebeldes\/apresentacao\/","og_locale":"pt_BR","og_type":"article","og_title":"Apresenta\u00e7\u00e3o - Impress\u00f5es Rebeldes","og_description":"Apresenta\u00e7\u00e3o A Revista Impress\u00f5es Rebeldes divulga, desde 2013,\u00a0 estudos sobre as resist\u00eancias e os protestos, no Brasil ou em outros lugares. Qualquer tema relacionado ao fen\u00f4meno das rebeli\u00f5es, seja onde for ou em qualquer tempo hist\u00f3rico, desde que fundamentado em pesquisas, ser\u00e1 bem recebido. Essa publica\u00e7\u00e3o \u00e9 dirigida a estudiosos, professores e pesquisadores, mas tamb\u00e9m [&hellip;]","og_url":"https:\/\/www.historia.uff.br\/impressoesrebeldes\/revista-impressoes-rebeldes\/apresentacao\/","og_site_name":"Impress\u00f5es Rebeldes","article_publisher":"https:\/\/www.facebook.com\/impressoesrebeldes\/","article_modified_time":"2022-06-07T03:29:59+00:00","twitter_card":"summary_large_image","twitter_site":"@ImpressoesRbds","twitter_misc":{"Est. reading time":"1 minuto"},"schema":{"@context":"https:\/\/schema.org","@graph":[{"@type":"WebSite","@id":"https:\/\/www.historia.uff.br\/impressoesrebeldes\/#website","url":"https:\/\/www.historia.uff.br\/impressoesrebeldes\/","name":"Impress\u00f5es Rebeldes","description":"Para quem tem o que dizer sobre revoltas","potentialAction":[{"@type":"SearchAction","target":{"@type":"EntryPoint","urlTemplate":"https:\/\/www.historia.uff.br\/impressoesrebeldes\/?s={search_term_string}"},"query-input":"required name=search_term_string"}],"inLanguage":"pt-BR"},{"@type":"WebPage","@id":"https:\/\/www.historia.uff.br\/impressoesrebeldes\/revista-impressoes-rebeldes\/apresentacao\/#webpage","url":"https:\/\/www.historia.uff.br\/impressoesrebeldes\/revista-impressoes-rebeldes\/apresentacao\/","name":"Apresenta\u00e7\u00e3o - Impress\u00f5es Rebeldes","isPartOf":{"@id":"https:\/\/www.historia.uff.br\/impressoesrebeldes\/#website"},"datePublished":"2022-05-28T14:07:11+00:00","dateModified":"2022-06-07T03:29:59+00:00","breadcrumb":{"@id":"https:\/\/www.historia.uff.br\/impressoesrebeldes\/revista-impressoes-rebeldes\/apresentacao\/#breadcrumb"},"inLanguage":"pt-BR","potentialAction":[{"@type":"ReadAction","target":["https:\/\/www.historia.uff.br\/impressoesrebeldes\/revista-impressoes-rebeldes\/apresentacao\/"]}]},{"@type":"BreadcrumbList","@id":"https:\/\/www.historia.uff.br\/impressoesrebeldes\/revista-impressoes-rebeldes\/apresentacao\/#breadcrumb","itemListElement":[{"@type":"ListItem","position":1,"name":"Home","item":"https:\/\/www.historia.uff.br\/impressoesrebeldes\/"},{"@type":"ListItem","position":2,"name":"Revista Impress\u00f5es Rebeldes","item":"https:\/\/www.historia.uff.br\/impressoesrebeldes\/revista-impressoes-rebeldes\/"},{"@type":"ListItem","position":3,"name":"Apresenta\u00e7\u00e3o"}]}]}},"_links":{"self":[{"href":"https:\/\/www.historia.uff.br\/impressoesrebeldes\/wp-json\/wp\/v2\/pages\/3566"}],"collection":[{"href":"https:\/\/www.historia.uff.br\/impressoesrebeldes\/wp-json\/wp\/v2\/pages"}],"about":[{"href":"https:\/\/www.historia.uff.br\/impressoesrebeldes\/wp-json\/wp\/v2\/types\/page"}],"author":[{"embeddable":true,"href":"https:\/\/www.historia.uff.br\/impressoesrebeldes\/wp-json\/wp\/v2\/users\/1"}],"replies":[{"embeddable":true,"href":"https:\/\/www.historia.uff.br\/impressoesrebeldes\/wp-json\/wp\/v2\/comments?post=3566"}],"version-history":[{"count":3,"href":"https:\/\/www.historia.uff.br\/impressoesrebeldes\/wp-json\/wp\/v2\/pages\/3566\/revisions"}],"predecessor-version":[{"id":3696,"href":"https:\/\/www.historia.uff.br\/impressoesrebeldes\/wp-json\/wp\/v2\/pages\/3566\/revisions\/3696"}],"up":[{"embeddable":true,"href":"https:\/\/www.historia.uff.br\/impressoesrebeldes\/wp-json\/wp\/v2\/pages\/3564"}],"wp:attachment":[{"href":"https:\/\/www.historia.uff.br\/impressoesrebeldes\/wp-json\/wp\/v2\/media?parent=3566"}],"curies":[{"name":"wp","href":"https:\/\/api.w.org\/{rel}","templated":true}]}}