{"id":3564,"date":"2022-05-28T11:06:47","date_gmt":"2022-05-28T14:06:47","guid":{"rendered":"https:\/\/leandrohindu.com.br\/revoltas\/?page_id=3564"},"modified":"2025-12-18T10:12:38","modified_gmt":"2025-12-18T13:12:38","slug":"revista-impressoes-rebeldes","status":"publish","type":"page","link":"https:\/\/www.historia.uff.br\/impressoesrebeldes\/revista-impressoes-rebeldes\/","title":{"rendered":"Revista Impress\u00f5es Rebeldes"},"content":{"rendered":"","protected":false},"excerpt":{"rendered":"","protected":false},"author":1,"featured_media":0,"parent":0,"menu_order":0,"comment_status":"closed","ping_status":"closed","template":"page-revista.php","meta":[],"acf":[],"yoast_head":"<!-- This site is optimized with the Yoast SEO plugin v19.0 - https:\/\/yoast.com\/wordpress\/plugins\/seo\/ -->\n<title>Revista Impress\u00f5es Rebeldes<\/title>\n<meta name=\"description\" content=\"Revista Impress\u00f5es Rebeldes, conte\u00fado sobre todas as \u00e9pocas e lugares, feito para quem pensa e protesta.\" \/>\n<meta name=\"robots\" content=\"index, follow, max-snippet:-1, max-image-preview:large, max-video-preview:-1\" \/>\n<link rel=\"canonical\" href=\"https:\/\/www.historia.uff.br\/impressoesrebeldes\/revista-impressoes-rebeldes\/\" \/>\n<meta property=\"og:locale\" content=\"pt_BR\" \/>\n<meta property=\"og:type\" content=\"article\" \/>\n<meta property=\"og:title\" content=\"Revista Impress\u00f5es Rebeldes\" \/>\n<meta property=\"og:description\" content=\"Revista Impress\u00f5es Rebeldes, conte\u00fado sobre todas as \u00e9pocas e lugares, feito para quem pensa e protesta.\" \/>\n<meta property=\"og:url\" content=\"https:\/\/www.historia.uff.br\/impressoesrebeldes\/revista-impressoes-rebeldes\/\" \/>\n<meta property=\"og:site_name\" content=\"Impress\u00f5es Rebeldes\" \/>\n<meta property=\"article:publisher\" content=\"https:\/\/www.facebook.com\/impressoesrebeldes\/\" \/>\n<meta property=\"article:modified_time\" content=\"2025-12-18T13:12:38+00:00\" \/>\n<meta name=\"twitter:card\" content=\"summary_large_image\" \/>\n<meta name=\"twitter:site\" content=\"@ImpressoesRbds\" \/>\n<script type=\"application\/ld+json\" class=\"yoast-schema-graph\">{\"@context\":\"https:\/\/schema.org\",\"@graph\":[{\"@type\":\"WebSite\",\"@id\":\"https:\/\/www.historia.uff.br\/impressoesrebeldes\/#website\",\"url\":\"https:\/\/www.historia.uff.br\/impressoesrebeldes\/\",\"name\":\"Impress\u00f5es Rebeldes\",\"description\":\"Para quem tem o que dizer sobre revoltas\",\"potentialAction\":[{\"@type\":\"SearchAction\",\"target\":{\"@type\":\"EntryPoint\",\"urlTemplate\":\"https:\/\/www.historia.uff.br\/impressoesrebeldes\/?s={search_term_string}\"},\"query-input\":\"required name=search_term_string\"}],\"inLanguage\":\"pt-BR\"},{\"@type\":\"WebPage\",\"@id\":\"https:\/\/www.historia.uff.br\/impressoesrebeldes\/revista-impressoes-rebeldes\/#webpage\",\"url\":\"https:\/\/www.historia.uff.br\/impressoesrebeldes\/revista-impressoes-rebeldes\/\",\"name\":\"Revista Impress\u00f5es Rebeldes\",\"isPartOf\":{\"@id\":\"https:\/\/www.historia.uff.br\/impressoesrebeldes\/#website\"},\"datePublished\":\"2022-05-28T14:06:47+00:00\",\"dateModified\":\"2025-12-18T13:12:38+00:00\",\"description\":\"Revista Impress\u00f5es Rebeldes, conte\u00fado sobre todas as \u00e9pocas e lugares, feito para quem pensa e protesta.\",\"breadcrumb\":{\"@id\":\"https:\/\/www.historia.uff.br\/impressoesrebeldes\/revista-impressoes-rebeldes\/#breadcrumb\"},\"inLanguage\":\"pt-BR\",\"potentialAction\":[{\"@type\":\"ReadAction\",\"target\":[\"https:\/\/www.historia.uff.br\/impressoesrebeldes\/revista-impressoes-rebeldes\/\"]}]},{\"@type\":\"BreadcrumbList\",\"@id\":\"https:\/\/www.historia.uff.br\/impressoesrebeldes\/revista-impressoes-rebeldes\/#breadcrumb\",\"itemListElement\":[{\"@type\":\"ListItem\",\"position\":1,\"name\":\"Home\",\"item\":\"https:\/\/www.historia.uff.br\/impressoesrebeldes\/\"},{\"@type\":\"ListItem\",\"position\":2,\"name\":\"Revista Impress\u00f5es Rebeldes\"}]}]}<\/script>\n<!-- \/ Yoast SEO plugin. -->","yoast_head_json":{"title":"Revista Impress\u00f5es Rebeldes","description":"Revista Impress\u00f5es Rebeldes, conte\u00fado sobre todas as \u00e9pocas e lugares, feito para quem pensa e protesta.","robots":{"index":"index","follow":"follow","max-snippet":"max-snippet:-1","max-image-preview":"max-image-preview:large","max-video-preview":"max-video-preview:-1"},"canonical":"https:\/\/www.historia.uff.br\/impressoesrebeldes\/revista-impressoes-rebeldes\/","og_locale":"pt_BR","og_type":"article","og_title":"Revista Impress\u00f5es Rebeldes","og_description":"Revista Impress\u00f5es Rebeldes, conte\u00fado sobre todas as \u00e9pocas e lugares, feito para quem pensa e protesta.","og_url":"https:\/\/www.historia.uff.br\/impressoesrebeldes\/revista-impressoes-rebeldes\/","og_site_name":"Impress\u00f5es Rebeldes","article_publisher":"https:\/\/www.facebook.com\/impressoesrebeldes\/","article_modified_time":"2025-12-18T13:12:38+00:00","twitter_card":"summary_large_image","twitter_site":"@ImpressoesRbds","schema":{"@context":"https:\/\/schema.org","@graph":[{"@type":"WebSite","@id":"https:\/\/www.historia.uff.br\/impressoesrebeldes\/#website","url":"https:\/\/www.historia.uff.br\/impressoesrebeldes\/","name":"Impress\u00f5es Rebeldes","description":"Para quem tem o que dizer sobre revoltas","potentialAction":[{"@type":"SearchAction","target":{"@type":"EntryPoint","urlTemplate":"https:\/\/www.historia.uff.br\/impressoesrebeldes\/?s={search_term_string}"},"query-input":"required name=search_term_string"}],"inLanguage":"pt-BR"},{"@type":"WebPage","@id":"https:\/\/www.historia.uff.br\/impressoesrebeldes\/revista-impressoes-rebeldes\/#webpage","url":"https:\/\/www.historia.uff.br\/impressoesrebeldes\/revista-impressoes-rebeldes\/","name":"Revista Impress\u00f5es Rebeldes","isPartOf":{"@id":"https:\/\/www.historia.uff.br\/impressoesrebeldes\/#website"},"datePublished":"2022-05-28T14:06:47+00:00","dateModified":"2025-12-18T13:12:38+00:00","description":"Revista Impress\u00f5es Rebeldes, conte\u00fado sobre todas as \u00e9pocas e lugares, feito para quem pensa e protesta.","breadcrumb":{"@id":"https:\/\/www.historia.uff.br\/impressoesrebeldes\/revista-impressoes-rebeldes\/#breadcrumb"},"inLanguage":"pt-BR","potentialAction":[{"@type":"ReadAction","target":["https:\/\/www.historia.uff.br\/impressoesrebeldes\/revista-impressoes-rebeldes\/"]}]},{"@type":"BreadcrumbList","@id":"https:\/\/www.historia.uff.br\/impressoesrebeldes\/revista-impressoes-rebeldes\/#breadcrumb","itemListElement":[{"@type":"ListItem","position":1,"name":"Home","item":"https:\/\/www.historia.uff.br\/impressoesrebeldes\/"},{"@type":"ListItem","position":2,"name":"Revista Impress\u00f5es Rebeldes"}]}]}},"_links":{"self":[{"href":"https:\/\/www.historia.uff.br\/impressoesrebeldes\/wp-json\/wp\/v2\/pages\/3564"}],"collection":[{"href":"https:\/\/www.historia.uff.br\/impressoesrebeldes\/wp-json\/wp\/v2\/pages"}],"about":[{"href":"https:\/\/www.historia.uff.br\/impressoesrebeldes\/wp-json\/wp\/v2\/types\/page"}],"author":[{"embeddable":true,"href":"https:\/\/www.historia.uff.br\/impressoesrebeldes\/wp-json\/wp\/v2\/users\/1"}],"replies":[{"embeddable":true,"href":"https:\/\/www.historia.uff.br\/impressoesrebeldes\/wp-json\/wp\/v2\/comments?post=3564"}],"version-history":[{"count":37,"href":"https:\/\/www.historia.uff.br\/impressoesrebeldes\/wp-json\/wp\/v2\/pages\/3564\/revisions"}],"predecessor-version":[{"id":7133,"href":"https:\/\/www.historia.uff.br\/impressoesrebeldes\/wp-json\/wp\/v2\/pages\/3564\/revisions\/7133"}],"wp:attachment":[{"href":"https:\/\/www.historia.uff.br\/impressoesrebeldes\/wp-json\/wp\/v2\/media?parent=3564"}],"curies":[{"name":"wp","href":"https:\/\/api.w.org\/{rel}","templated":true}]}}