{"id":3530,"date":"2022-05-28T08:04:56","date_gmt":"2022-05-28T11:04:56","guid":{"rendered":"https:\/\/leandrohindu.com.br\/revoltas\/?page_id=3530"},"modified":"2024-11-20T12:15:00","modified_gmt":"2024-11-20T15:15:00","slug":"sala-de-aula","status":"publish","type":"page","link":"https:\/\/www.historia.uff.br\/impressoesrebeldes\/sala-de-aula\/","title":{"rendered":"Sala de Aula"},"content":{"rendered":"<h2>Professor(a)<\/h2>\n<p>Consulte aqui material de ensino relacionado \u00e0s revoltas, protestos e movimentos pol\u00edticos ao longo da Hist\u00f3ria do Brasil, do per\u00edodo colonial ao contempor\u00e2neo a serem compartilhados entre professore\/as e aluno\/as do ensino fundamental e m\u00e9dio das escolas brasileiras.<\/p>\n<p>Em destaque est\u00e3o os planos de aulas alinhados \u00e0 BNCC e confeccionados especialmente para esta plataforma.<\/p>\n<p>Est\u00e3o disponibilizados tamb\u00e9m documentos hist\u00f3ricos \u00fateis ao processo de ensino.<\/p>\n<p>Acompanhe ainda os v\u00eddeos, podcasts, planos de aulas produzidos externamente, assim como toda a sorte de conte\u00fado qualificado.<\/p>\n","protected":false},"excerpt":{"rendered":"<p>Professor(a) Consulte aqui material de ensino relacionado \u00e0s revoltas, protestos e movimentos pol\u00edticos ao longo da Hist\u00f3ria do Brasil, do per\u00edodo colonial ao contempor\u00e2neo a serem compartilhados entre professore\/as e aluno\/as do ensino fundamental e m\u00e9dio das escolas brasileiras. Em destaque est\u00e3o os planos de aulas alinhados \u00e0 BNCC e confeccionados especialmente para esta plataforma. [&hellip;]<\/p>\n","protected":false},"author":1,"featured_media":3534,"parent":0,"menu_order":0,"comment_status":"closed","ping_status":"closed","template":"page-sala-de-aula.php","meta":[],"acf":[],"yoast_head":"<!-- This site is optimized with the Yoast SEO plugin v19.0 - https:\/\/yoast.com\/wordpress\/plugins\/seo\/ -->\n<title>Sala de Aula - Impress\u00f5es Rebeldes<\/title>\n<meta name=\"robots\" content=\"index, follow, max-snippet:-1, max-image-preview:large, max-video-preview:-1\" \/>\n<link rel=\"canonical\" href=\"https:\/\/www.historia.uff.br\/impressoesrebeldes\/sala-de-aula\/\" \/>\n<meta property=\"og:locale\" content=\"pt_BR\" \/>\n<meta property=\"og:type\" content=\"article\" \/>\n<meta property=\"og:title\" content=\"Sala de Aula - Impress\u00f5es Rebeldes\" \/>\n<meta property=\"og:description\" content=\"Professor(a) Consulte aqui material de ensino relacionado \u00e0s revoltas, protestos e movimentos pol\u00edticos ao longo da Hist\u00f3ria do Brasil, do per\u00edodo colonial ao contempor\u00e2neo a serem compartilhados entre professore\/as e aluno\/as do ensino fundamental e m\u00e9dio das escolas brasileiras. Em destaque est\u00e3o os planos de aulas alinhados \u00e0 BNCC e confeccionados especialmente para esta plataforma. [&hellip;]\" \/>\n<meta property=\"og:url\" content=\"https:\/\/www.historia.uff.br\/impressoesrebeldes\/sala-de-aula\/\" \/>\n<meta property=\"og:site_name\" content=\"Impress\u00f5es Rebeldes\" \/>\n<meta property=\"article:publisher\" content=\"https:\/\/www.facebook.com\/impressoesrebeldes\/\" \/>\n<meta property=\"article:modified_time\" content=\"2024-11-20T15:15:00+00:00\" \/>\n<meta property=\"og:image\" content=\"https:\/\/www.historia.uff.br\/impressoesrebeldes\/2022\/wp-content\/uploads\/2022\/05\/sala-de-aula_impressoes_rebeldes_01.png\" \/>\n\t<meta property=\"og:image:width\" content=\"600\" \/>\n\t<meta property=\"og:image:height\" content=\"600\" \/>\n\t<meta property=\"og:image:type\" content=\"image\/png\" \/>\n<meta name=\"twitter:card\" content=\"summary_large_image\" \/>\n<meta name=\"twitter:site\" content=\"@ImpressoesRbds\" \/>\n<script type=\"application\/ld+json\" class=\"yoast-schema-graph\">{\"@context\":\"https:\/\/schema.org\",\"@graph\":[{\"@type\":\"WebSite\",\"@id\":\"https:\/\/www.historia.uff.br\/impressoesrebeldes\/#website\",\"url\":\"https:\/\/www.historia.uff.br\/impressoesrebeldes\/\",\"name\":\"Impress\u00f5es Rebeldes\",\"description\":\"Para quem tem o que dizer sobre revoltas\",\"potentialAction\":[{\"@type\":\"SearchAction\",\"target\":{\"@type\":\"EntryPoint\",\"urlTemplate\":\"https:\/\/www.historia.uff.br\/impressoesrebeldes\/?s={search_term_string}\"},\"query-input\":\"required name=search_term_string\"}],\"inLanguage\":\"pt-BR\"},{\"@type\":\"ImageObject\",\"inLanguage\":\"pt-BR\",\"@id\":\"https:\/\/www.historia.uff.br\/impressoesrebeldes\/sala-de-aula\/#primaryimage\",\"url\":\"https:\/\/www.historia.uff.br\/impressoesrebeldes\/2022\/wp-content\/uploads\/2022\/05\/sala-de-aula_impressoes_rebeldes_01.png\",\"contentUrl\":\"https:\/\/www.historia.uff.br\/impressoesrebeldes\/2022\/wp-content\/uploads\/2022\/05\/sala-de-aula_impressoes_rebeldes_01.png\",\"width\":600,\"height\":600,\"caption\":\"Lorem ipsum dolor sit amet\"},{\"@type\":\"WebPage\",\"@id\":\"https:\/\/www.historia.uff.br\/impressoesrebeldes\/sala-de-aula\/#webpage\",\"url\":\"https:\/\/www.historia.uff.br\/impressoesrebeldes\/sala-de-aula\/\",\"name\":\"Sala de Aula - Impress\u00f5es Rebeldes\",\"isPartOf\":{\"@id\":\"https:\/\/www.historia.uff.br\/impressoesrebeldes\/#website\"},\"primaryImageOfPage\":{\"@id\":\"https:\/\/www.historia.uff.br\/impressoesrebeldes\/sala-de-aula\/#primaryimage\"},\"datePublished\":\"2022-05-28T11:04:56+00:00\",\"dateModified\":\"2024-11-20T15:15:00+00:00\",\"breadcrumb\":{\"@id\":\"https:\/\/www.historia.uff.br\/impressoesrebeldes\/sala-de-aula\/#breadcrumb\"},\"inLanguage\":\"pt-BR\",\"potentialAction\":[{\"@type\":\"ReadAction\",\"target\":[\"https:\/\/www.historia.uff.br\/impressoesrebeldes\/sala-de-aula\/\"]}]},{\"@type\":\"BreadcrumbList\",\"@id\":\"https:\/\/www.historia.uff.br\/impressoesrebeldes\/sala-de-aula\/#breadcrumb\",\"itemListElement\":[{\"@type\":\"ListItem\",\"position\":1,\"name\":\"Home\",\"item\":\"https:\/\/www.historia.uff.br\/impressoesrebeldes\/\"},{\"@type\":\"ListItem\",\"position\":2,\"name\":\"Sala de Aula\"}]}]}<\/script>\n<!-- \/ Yoast SEO plugin. -->","yoast_head_json":{"title":"Sala de Aula - Impress\u00f5es Rebeldes","robots":{"index":"index","follow":"follow","max-snippet":"max-snippet:-1","max-image-preview":"max-image-preview:large","max-video-preview":"max-video-preview:-1"},"canonical":"https:\/\/www.historia.uff.br\/impressoesrebeldes\/sala-de-aula\/","og_locale":"pt_BR","og_type":"article","og_title":"Sala de Aula - Impress\u00f5es Rebeldes","og_description":"Professor(a) Consulte aqui material de ensino relacionado \u00e0s revoltas, protestos e movimentos pol\u00edticos ao longo da Hist\u00f3ria do Brasil, do per\u00edodo colonial ao contempor\u00e2neo a serem compartilhados entre professore\/as e aluno\/as do ensino fundamental e m\u00e9dio das escolas brasileiras. Em destaque est\u00e3o os planos de aulas alinhados \u00e0 BNCC e confeccionados especialmente para esta plataforma. [&hellip;]","og_url":"https:\/\/www.historia.uff.br\/impressoesrebeldes\/sala-de-aula\/","og_site_name":"Impress\u00f5es Rebeldes","article_publisher":"https:\/\/www.facebook.com\/impressoesrebeldes\/","article_modified_time":"2024-11-20T15:15:00+00:00","og_image":[{"width":600,"height":600,"url":"https:\/\/www.historia.uff.br\/impressoesrebeldes\/2022\/wp-content\/uploads\/2022\/05\/sala-de-aula_impressoes_rebeldes_01.png","type":"image\/png"}],"twitter_card":"summary_large_image","twitter_site":"@ImpressoesRbds","schema":{"@context":"https:\/\/schema.org","@graph":[{"@type":"WebSite","@id":"https:\/\/www.historia.uff.br\/impressoesrebeldes\/#website","url":"https:\/\/www.historia.uff.br\/impressoesrebeldes\/","name":"Impress\u00f5es Rebeldes","description":"Para quem tem o que dizer sobre revoltas","potentialAction":[{"@type":"SearchAction","target":{"@type":"EntryPoint","urlTemplate":"https:\/\/www.historia.uff.br\/impressoesrebeldes\/?s={search_term_string}"},"query-input":"required name=search_term_string"}],"inLanguage":"pt-BR"},{"@type":"ImageObject","inLanguage":"pt-BR","@id":"https:\/\/www.historia.uff.br\/impressoesrebeldes\/sala-de-aula\/#primaryimage","url":"https:\/\/www.historia.uff.br\/impressoesrebeldes\/2022\/wp-content\/uploads\/2022\/05\/sala-de-aula_impressoes_rebeldes_01.png","contentUrl":"https:\/\/www.historia.uff.br\/impressoesrebeldes\/2022\/wp-content\/uploads\/2022\/05\/sala-de-aula_impressoes_rebeldes_01.png","width":600,"height":600,"caption":"Lorem ipsum dolor sit amet"},{"@type":"WebPage","@id":"https:\/\/www.historia.uff.br\/impressoesrebeldes\/sala-de-aula\/#webpage","url":"https:\/\/www.historia.uff.br\/impressoesrebeldes\/sala-de-aula\/","name":"Sala de Aula - Impress\u00f5es Rebeldes","isPartOf":{"@id":"https:\/\/www.historia.uff.br\/impressoesrebeldes\/#website"},"primaryImageOfPage":{"@id":"https:\/\/www.historia.uff.br\/impressoesrebeldes\/sala-de-aula\/#primaryimage"},"datePublished":"2022-05-28T11:04:56+00:00","dateModified":"2024-11-20T15:15:00+00:00","breadcrumb":{"@id":"https:\/\/www.historia.uff.br\/impressoesrebeldes\/sala-de-aula\/#breadcrumb"},"inLanguage":"pt-BR","potentialAction":[{"@type":"ReadAction","target":["https:\/\/www.historia.uff.br\/impressoesrebeldes\/sala-de-aula\/"]}]},{"@type":"BreadcrumbList","@id":"https:\/\/www.historia.uff.br\/impressoesrebeldes\/sala-de-aula\/#breadcrumb","itemListElement":[{"@type":"ListItem","position":1,"name":"Home","item":"https:\/\/www.historia.uff.br\/impressoesrebeldes\/"},{"@type":"ListItem","position":2,"name":"Sala de Aula"}]}]}},"_links":{"self":[{"href":"https:\/\/www.historia.uff.br\/impressoesrebeldes\/wp-json\/wp\/v2\/pages\/3530"}],"collection":[{"href":"https:\/\/www.historia.uff.br\/impressoesrebeldes\/wp-json\/wp\/v2\/pages"}],"about":[{"href":"https:\/\/www.historia.uff.br\/impressoesrebeldes\/wp-json\/wp\/v2\/types\/page"}],"author":[{"embeddable":true,"href":"https:\/\/www.historia.uff.br\/impressoesrebeldes\/wp-json\/wp\/v2\/users\/1"}],"replies":[{"embeddable":true,"href":"https:\/\/www.historia.uff.br\/impressoesrebeldes\/wp-json\/wp\/v2\/comments?post=3530"}],"version-history":[{"count":13,"href":"https:\/\/www.historia.uff.br\/impressoesrebeldes\/wp-json\/wp\/v2\/pages\/3530\/revisions"}],"predecessor-version":[{"id":6168,"href":"https:\/\/www.historia.uff.br\/impressoesrebeldes\/wp-json\/wp\/v2\/pages\/3530\/revisions\/6168"}],"wp:featuredmedia":[{"embeddable":true,"href":"https:\/\/www.historia.uff.br\/impressoesrebeldes\/wp-json\/wp\/v2\/media\/3534"}],"wp:attachment":[{"href":"https:\/\/www.historia.uff.br\/impressoesrebeldes\/wp-json\/wp\/v2\/media?parent=3530"}],"curies":[{"name":"wp","href":"https:\/\/api.w.org\/{rel}","templated":true}]}}