{"id":3,"date":"2021-09-17T21:12:24","date_gmt":"2021-09-18T00:12:24","guid":{"rendered":"http:\/\/leandrohindu.com.br\/revoltas\/?page_id=3"},"modified":"2022-06-07T23:44:59","modified_gmt":"2022-06-08T02:44:59","slug":"politica-de-privacidade","status":"publish","type":"page","link":"https:\/\/www.historia.uff.br\/impressoesrebeldes\/politica-de-privacidade\/","title":{"rendered":"Pol\u00edtica de privacidade"},"content":{"rendered":"<h2>1. INFORMA\u00c7\u00d5ES PRELIMINARES<\/h2>\n<p>1.1. O website<b>\u00a0IMPRESS\u00d5ES REBELDES, <\/b>disponibilizado para acesso por navegadores em diferentes plataformas (IOS, Android e via web), \u00e9 uma plataforma digital colaborativa desenvolvida no \u00e2mbito da Universidade Federal Fluminense, com o apoio do CNPQ e FAPERJ.<\/p>\n<p>1.2. A Pol\u00edtica de Privacidade do site poder\u00e1 ser modificada para atender a eventuais necessidades. O usu\u00e1rio deve verificar esta p\u00e1gina periodicamente para conhecer eventuais mudan\u00e7as. Aquelas que forem consideradas mais relevantes, por alterarem significativamente as condi\u00e7\u00f5es desta Pol\u00edtica de Privacidade, ser\u00e3o objeto de aviso pr\u00e9vio no website e\/ou nos outros canais de comunica\u00e7\u00e3o existentes.<\/p>\n<p>1.3. A Pol\u00edtica de Privacidade tem por objetivo a prote\u00e7\u00e3o de todos os seus usu\u00e1rios, buscando e entendendo ser necess\u00e1ria a garantia e prote\u00e7\u00e3o dos dados pessoais, da dignidade e dos direitos fundamentais de privacidade, intimidade, liberdade, honra e imagem do usu\u00e1rio.<\/p>\n<p>1.4. O acesso a este website implica na aceita\u00e7\u00e3o total das disposi\u00e7\u00f5es desta Pol\u00edtica de Privacidade, bem como dos seus Termos e Condi\u00e7\u00f5es de Uso. Se o usu\u00e1rio discordar de alguma disposi\u00e7\u00e3o aqui presente, n\u00e3o deve enviar seus dados nos formul\u00e1rios de contato ou de colabora\u00e7\u00e3o.<\/p>\n<h2>2. QUAIS INFORMA\u00c7\u00d5ES S\u00c3O COLETADAS<\/h2>\n<p>2.1. INFORMA\u00c7\u00d5ES PESSOAIS NAS \u00c1REAS COLABORE E CONTATO: para enviar um conte\u00fado com intuito de ser publicado no site ou para entrar em contato com os organizadores do site, solicitamos que seja informado o nome, o email e o telefone, informa\u00e7\u00f5es necess\u00e1rias para a sua identifica\u00e7\u00e3o e para futuros contatos. Essas informa\u00e7\u00f5es s\u00e3o fornecidas voluntariamente e s\u00e3o de inteira responsabilidade dos usu\u00e1rios sua veracidade, atualidade e completude.<\/p>\n<p>2.2. INFORMA\u00c7\u00d5ES DE ACESSO E INTERA\u00c7\u00c3O: s\u00e3o informa\u00e7\u00f5es recolhidas anonimamente sobre a navega\u00e7\u00e3o e sobre as intera\u00e7\u00f5es dos visitantes com o conte\u00fado do site.<\/p>\n<p>2.3. Nenhuma Informa\u00e7\u00e3o Pessoal \u00e9 coletada sem que o usu\u00e1rio assim consinta e informe por sua livre e espont\u00e2nea vontade.<\/p>\n<h2>3. COMO O IMPRESS\u00d5ES REBELDES UTILIZAR\u00c1 AS INFORMA\u00c7\u00d5ES COLETADAS<\/h2>\n<p>3.1. As Informa\u00e7\u00f5es Pessoais s\u00e3o utilizadas para a identifica\u00e7\u00e3o do usu\u00e1rio e sua comunica\u00e7\u00e3o com a a equipe do site IMPRESS\u00d5ES REBELDES<b>.<\/b><\/p>\n<p>3.2. A coleta de informa\u00e7\u00f5es de acesso e intera\u00e7\u00e3o ajudam a determinar quantos s\u00e3o os usu\u00e1rios do website, quantos o visitam regularmente, quais recursos s\u00e3o mais ou menos acessados, como s\u00e3o as intera\u00e7\u00f5es do usu\u00e1rio com o conte\u00fado, etc. Essas informa\u00e7\u00f5es e estat\u00edsticas t\u00eam por objetivo coletar dados para que possamos aperfei\u00e7oar o site e seus conte\u00fados e assim garantir uma melhor experi\u00eancia ao usu\u00e1rio.<\/p>\n<h2><b>4. COMPARTILHAMENTO DAS INFORMA\u00c7\u00d5ES<\/b><\/h2>\n<p>4.1. As informa\u00e7\u00f5es coletadas ser\u00e3o de uso exclusivo da equipe do IMPRESS\u00d5ES REBELDES e n\u00e3o ser\u00e3o compartilhadas.<\/p>\n<h2>5. PROTE\u00c7\u00c3O DAS INFORMA\u00c7\u00d5ES PESSOAIS<\/h2>\n<p>5.1. Todas as Informa\u00e7\u00f5es Pessoais fornecidas pelo usu\u00e1rio s\u00e3o tratadas como informa\u00e7\u00f5es sigilosas e est\u00e3o sujeitas a medidas de seguran\u00e7a e de confidencialidade para impedir o acesso, uso ou divulga\u00e7\u00e3o n\u00e3o autorizada, de acordo com esta Pol\u00edtica de Privacidade e com a legisla\u00e7\u00e3o de prote\u00e7\u00e3o de dados vigente.<\/p>\n<p>5.3. Reservamos o direito de guardar as Informa\u00e7\u00f5es Pessoais fornecidas pelo usu\u00e1rio de forma definitiva e por tempo indeterminado em nosso banco de dados.<\/p>\n<h2>6. DOS DIREITOS E DEVERES DO USU\u00c1RIO<\/h2>\n<p>6.1. O usu\u00e1rio pode solicitar c\u00f3pia de qualquer Informa\u00e7\u00e3o Pessoal a seu respeito a qualquer momento, bem como solicitar a corre\u00e7\u00e3o ou remo\u00e7\u00e3o dessa informa\u00e7\u00e3o do banco de dados do site.<\/p>\n<p>6.2. Os usu\u00e1rios n\u00e3o poder\u00e3o restringir ou inibir o uso e usufruto das ferramentas do website (incluindo, sem exce\u00e7\u00f5es, por meio de hacking, engenharia reversa, downloads n\u00e3o permitidos, fraudes, invas\u00f5es, roubos de senha, correlatos e afins), uma vez que os direitos de cess\u00e3o de uso s\u00e3o exclusivos de seus propriet\u00e1rios.<\/p>\n<h2>7. OUTRAS DISPOSI\u00c7\u00d5ES<\/h2>\n<p>7.1. \u00c9 de inteira responsabilidade do usu\u00e1rio manter seguro o ambiente de seu computador, tablet, smartphone, outros devices e afins, com o uso de ferramentas dispon\u00edveis como antiv\u00edrus e firewall, dentre outras, de modo a prevenir riscos eletr\u00f4nicos e, ainda, utilizar-se de softwares de navegadores atualizados e eficientes para o acesso ao site.<\/p>\n<p>7.2. Estamos comprometidos a fazer todos os esfor\u00e7os necess\u00e1rios para manter o website em condi\u00e7\u00f5es ideais de funcionamento. N\u00e3o \u00e9 poss\u00edvel garantir, entretanto, que o website se manter\u00e1 no ar durante todo o tempo.<\/p>\n<p>7.3. Qualquer d\u00favida ou solicita\u00e7\u00e3o relacionada a esta Pol\u00edtica de Privacidade ou aos Termos de Uso do website dever\u00e1 ser enviada por meio do canal de contato com a equipe de administra\u00e7\u00e3o do website.<\/p>\n<p>7.4. O <b>IMPRESS\u00d5ES REBELDES<\/b> respeita o direito de opini\u00e3o e express\u00e3o dos usu\u00e1rios que acessam suas p\u00e1ginas de internet e redes sociais. S\u00e3o vetados, por\u00e9m, spams e coment\u00e1rios de teor comercial ou ofensivo, bem como divulga\u00e7\u00f5es de qualquer natureza n\u00e3o estritamente relacionadas ao tema central em discuss\u00e3o. Tais publica\u00e7\u00f5es ser\u00e3o apagadas sem aviso pr\u00e9vio e seus usu\u00e1rios banidos no caso de reincid\u00eancia nesta pr\u00e1tica.<\/p>\n<p>7.5. O <b>IMPRESS\u00d5ES REBELDES<\/b> se esfor\u00e7a com boa-f\u00e9 para garantir o armazenamento de todos os dados coletados num ambiente seguro que n\u00e3o est\u00e1 dispon\u00edvel ao p\u00fablico, ainda que n\u00e3o seja poss\u00edvel proporcionar uma seguran\u00e7a total e absoluta.<\/p>\n<h2>8. FORO<\/h2>\n<p>8.1. Para dirimir quaisquer d\u00favidas relativas a esta Pol\u00edtica de Privacidade bem como ao uso e ao conte\u00fado deste website, fica desde j\u00e1 estabelecida a aplica\u00e7\u00e3o das leis da Rep\u00fablica Federativa do Brasil, independentemente do pa\u00eds de onde for acessado este website. Quaisquer disputas ou controv\u00e9rsias judiciais oriundas de quaisquer atos praticados no \u00e2mbito deste website pelos usu\u00e1rios, inclusive com rela\u00e7\u00e3o ao descumprimento dos Termos de Uso e Pol\u00edtica de Privacidade ou viola\u00e7\u00e3o de direitos de terceiros, ser\u00e3o processadas na Comarca do Rio de Janeiro\/RJ.<\/p>\n","protected":false},"excerpt":{"rendered":"<p>1. INFORMA\u00c7\u00d5ES PRELIMINARES 1.1. O website\u00a0IMPRESS\u00d5ES REBELDES, disponibilizado para acesso por navegadores em diferentes plataformas (IOS, Android e via web), \u00e9 uma plataforma digital colaborativa desenvolvida no \u00e2mbito da Universidade Federal Fluminense, com o apoio do CNPQ e FAPERJ. 1.2. A Pol\u00edtica de Privacidade do site poder\u00e1 ser modificada para atender a eventuais necessidades. O [&hellip;]<\/p>\n","protected":false},"author":1,"featured_media":0,"parent":0,"menu_order":0,"comment_status":"closed","ping_status":"closed","template":"page-politica-privacidade.php","meta":[],"acf":[],"yoast_head":"<!-- This site is optimized with the Yoast SEO plugin v19.0 - https:\/\/yoast.com\/wordpress\/plugins\/seo\/ -->\n<title>Pol\u00edtica de privacidade - Impress\u00f5es Rebeldes<\/title>\n<meta name=\"robots\" content=\"index, follow, max-snippet:-1, max-image-preview:large, max-video-preview:-1\" \/>\n<link rel=\"canonical\" href=\"https:\/\/www.historia.uff.br\/impressoesrebeldes\/politica-de-privacidade\/\" \/>\n<meta property=\"og:locale\" content=\"pt_BR\" \/>\n<meta property=\"og:type\" content=\"article\" \/>\n<meta property=\"og:title\" content=\"Pol\u00edtica de privacidade - Impress\u00f5es Rebeldes\" \/>\n<meta property=\"og:description\" content=\"1. INFORMA\u00c7\u00d5ES PRELIMINARES 1.1. O website\u00a0IMPRESS\u00d5ES REBELDES, disponibilizado para acesso por navegadores em diferentes plataformas (IOS, Android e via web), \u00e9 uma plataforma digital colaborativa desenvolvida no \u00e2mbito da Universidade Federal Fluminense, com o apoio do CNPQ e FAPERJ. 1.2. A Pol\u00edtica de Privacidade do site poder\u00e1 ser modificada para atender a eventuais necessidades. O [&hellip;]\" \/>\n<meta property=\"og:url\" content=\"https:\/\/www.historia.uff.br\/impressoesrebeldes\/politica-de-privacidade\/\" \/>\n<meta property=\"og:site_name\" content=\"Impress\u00f5es Rebeldes\" \/>\n<meta property=\"article:publisher\" content=\"https:\/\/www.facebook.com\/impressoesrebeldes\/\" \/>\n<meta property=\"article:modified_time\" content=\"2022-06-08T02:44:59+00:00\" \/>\n<meta name=\"twitter:card\" content=\"summary_large_image\" \/>\n<meta name=\"twitter:site\" content=\"@ImpressoesRbds\" \/>\n<meta name=\"twitter:label1\" content=\"Est. reading time\" \/>\n\t<meta name=\"twitter:data1\" content=\"5 minutos\" \/>\n<script type=\"application\/ld+json\" class=\"yoast-schema-graph\">{\"@context\":\"https:\/\/schema.org\",\"@graph\":[{\"@type\":\"WebSite\",\"@id\":\"https:\/\/www.historia.uff.br\/impressoesrebeldes\/#website\",\"url\":\"https:\/\/www.historia.uff.br\/impressoesrebeldes\/\",\"name\":\"Impress\u00f5es Rebeldes\",\"description\":\"Para quem tem o que dizer sobre revoltas\",\"potentialAction\":[{\"@type\":\"SearchAction\",\"target\":{\"@type\":\"EntryPoint\",\"urlTemplate\":\"https:\/\/www.historia.uff.br\/impressoesrebeldes\/?s={search_term_string}\"},\"query-input\":\"required name=search_term_string\"}],\"inLanguage\":\"pt-BR\"},{\"@type\":\"WebPage\",\"@id\":\"https:\/\/www.historia.uff.br\/impressoesrebeldes\/politica-de-privacidade\/#webpage\",\"url\":\"https:\/\/www.historia.uff.br\/impressoesrebeldes\/politica-de-privacidade\/\",\"name\":\"Pol\u00edtica de privacidade - Impress\u00f5es Rebeldes\",\"isPartOf\":{\"@id\":\"https:\/\/www.historia.uff.br\/impressoesrebeldes\/#website\"},\"datePublished\":\"2021-09-18T00:12:24+00:00\",\"dateModified\":\"2022-06-08T02:44:59+00:00\",\"breadcrumb\":{\"@id\":\"https:\/\/www.historia.uff.br\/impressoesrebeldes\/politica-de-privacidade\/#breadcrumb\"},\"inLanguage\":\"pt-BR\",\"potentialAction\":[{\"@type\":\"ReadAction\",\"target\":[\"https:\/\/www.historia.uff.br\/impressoesrebeldes\/politica-de-privacidade\/\"]}]},{\"@type\":\"BreadcrumbList\",\"@id\":\"https:\/\/www.historia.uff.br\/impressoesrebeldes\/politica-de-privacidade\/#breadcrumb\",\"itemListElement\":[{\"@type\":\"ListItem\",\"position\":1,\"name\":\"Home\",\"item\":\"https:\/\/www.historia.uff.br\/impressoesrebeldes\/\"},{\"@type\":\"ListItem\",\"position\":2,\"name\":\"Pol\u00edtica de privacidade\"}]}]}<\/script>\n<!-- \/ Yoast SEO plugin. -->","yoast_head_json":{"title":"Pol\u00edtica de privacidade - Impress\u00f5es Rebeldes","robots":{"index":"index","follow":"follow","max-snippet":"max-snippet:-1","max-image-preview":"max-image-preview:large","max-video-preview":"max-video-preview:-1"},"canonical":"https:\/\/www.historia.uff.br\/impressoesrebeldes\/politica-de-privacidade\/","og_locale":"pt_BR","og_type":"article","og_title":"Pol\u00edtica de privacidade - Impress\u00f5es Rebeldes","og_description":"1. INFORMA\u00c7\u00d5ES PRELIMINARES 1.1. O website\u00a0IMPRESS\u00d5ES REBELDES, disponibilizado para acesso por navegadores em diferentes plataformas (IOS, Android e via web), \u00e9 uma plataforma digital colaborativa desenvolvida no \u00e2mbito da Universidade Federal Fluminense, com o apoio do CNPQ e FAPERJ. 1.2. A Pol\u00edtica de Privacidade do site poder\u00e1 ser modificada para atender a eventuais necessidades. O [&hellip;]","og_url":"https:\/\/www.historia.uff.br\/impressoesrebeldes\/politica-de-privacidade\/","og_site_name":"Impress\u00f5es Rebeldes","article_publisher":"https:\/\/www.facebook.com\/impressoesrebeldes\/","article_modified_time":"2022-06-08T02:44:59+00:00","twitter_card":"summary_large_image","twitter_site":"@ImpressoesRbds","twitter_misc":{"Est. reading time":"5 minutos"},"schema":{"@context":"https:\/\/schema.org","@graph":[{"@type":"WebSite","@id":"https:\/\/www.historia.uff.br\/impressoesrebeldes\/#website","url":"https:\/\/www.historia.uff.br\/impressoesrebeldes\/","name":"Impress\u00f5es Rebeldes","description":"Para quem tem o que dizer sobre revoltas","potentialAction":[{"@type":"SearchAction","target":{"@type":"EntryPoint","urlTemplate":"https:\/\/www.historia.uff.br\/impressoesrebeldes\/?s={search_term_string}"},"query-input":"required name=search_term_string"}],"inLanguage":"pt-BR"},{"@type":"WebPage","@id":"https:\/\/www.historia.uff.br\/impressoesrebeldes\/politica-de-privacidade\/#webpage","url":"https:\/\/www.historia.uff.br\/impressoesrebeldes\/politica-de-privacidade\/","name":"Pol\u00edtica de privacidade - Impress\u00f5es Rebeldes","isPartOf":{"@id":"https:\/\/www.historia.uff.br\/impressoesrebeldes\/#website"},"datePublished":"2021-09-18T00:12:24+00:00","dateModified":"2022-06-08T02:44:59+00:00","breadcrumb":{"@id":"https:\/\/www.historia.uff.br\/impressoesrebeldes\/politica-de-privacidade\/#breadcrumb"},"inLanguage":"pt-BR","potentialAction":[{"@type":"ReadAction","target":["https:\/\/www.historia.uff.br\/impressoesrebeldes\/politica-de-privacidade\/"]}]},{"@type":"BreadcrumbList","@id":"https:\/\/www.historia.uff.br\/impressoesrebeldes\/politica-de-privacidade\/#breadcrumb","itemListElement":[{"@type":"ListItem","position":1,"name":"Home","item":"https:\/\/www.historia.uff.br\/impressoesrebeldes\/"},{"@type":"ListItem","position":2,"name":"Pol\u00edtica de privacidade"}]}]}},"_links":{"self":[{"href":"https:\/\/www.historia.uff.br\/impressoesrebeldes\/wp-json\/wp\/v2\/pages\/3"}],"collection":[{"href":"https:\/\/www.historia.uff.br\/impressoesrebeldes\/wp-json\/wp\/v2\/pages"}],"about":[{"href":"https:\/\/www.historia.uff.br\/impressoesrebeldes\/wp-json\/wp\/v2\/types\/page"}],"author":[{"embeddable":true,"href":"https:\/\/www.historia.uff.br\/impressoesrebeldes\/wp-json\/wp\/v2\/users\/1"}],"replies":[{"embeddable":true,"href":"https:\/\/www.historia.uff.br\/impressoesrebeldes\/wp-json\/wp\/v2\/comments?post=3"}],"version-history":[{"count":6,"href":"https:\/\/www.historia.uff.br\/impressoesrebeldes\/wp-json\/wp\/v2\/pages\/3\/revisions"}],"predecessor-version":[{"id":3723,"href":"https:\/\/www.historia.uff.br\/impressoesrebeldes\/wp-json\/wp\/v2\/pages\/3\/revisions\/3723"}],"wp:attachment":[{"href":"https:\/\/www.historia.uff.br\/impressoesrebeldes\/wp-json\/wp\/v2\/media?parent=3"}],"curies":[{"name":"wp","href":"https:\/\/api.w.org\/{rel}","templated":true}]}}